{"id":3155,"date":"2023-08-07T17:47:08","date_gmt":"2023-08-07T17:47:08","guid":{"rendered":"https:\/\/tdrcorpprd.wpengine.com\/automotive-marketplace\/"},"modified":"2023-09-26T20:30:13","modified_gmt":"2023-09-26T20:30:13","slug":"place-daffaires","status":"publish","type":"page","link":"https:\/\/tradercorporation.com\/fr\/nos-marques\/place-daffaires\/","title":{"rendered":"Place d\u2019affaires"},"content":{"rendered":"\t\t<div data-elementor-type=\"wp-page\" data-elementor-id=\"3155\" class=\"elementor elementor-3155 elementor-1689\" data-elementor-post-type=\"page\">\n\t\t\t\t<div class=\"elementor-element elementor-element-225994e e-con-full e-flex e-con e-parent\" data-id=\"225994e\" data-element_type=\"container\" data-e-type=\"container\" data-settings=\"{&quot;background_background&quot;:&quot;classic&quot;}\">\n\t\t<div class=\"elementor-element elementor-element-3ba43b2 e-flex e-con-boxed e-con e-child\" data-id=\"3ba43b2\" data-element_type=\"container\" data-e-type=\"container\">\n\t\t\t\t\t<div class=\"e-con-inner\">\n\t\t\t\t<div class=\"elementor-element elementor-element-2436507 elementor-widget elementor-widget-heading\" data-id=\"2436507\" data-element_type=\"widget\" data-e-type=\"widget\" data-widget_type=\"heading.default\">\n\t\t\t\t<div class=\"elementor-widget-container\">\n\t\t\t\t\t<h1 class=\"elementor-heading-title elementor-size-default\">Place d'affaires<\/h1>\t\t\t\t<\/div>\n\t\t\t\t<\/div>\n\t\t\t\t\t<\/div>\n\t\t\t\t<\/div>\n\t\t\t\t<\/div>\n\t\t<div class=\"elementor-element elementor-element-7cd216d e-flex e-con-boxed e-con e-parent\" data-id=\"7cd216d\" data-element_type=\"container\" data-e-type=\"container\">\n\t\t\t\t\t<div class=\"e-con-inner\">\n\t\t<div class=\"elementor-element elementor-element-5555363 e-flex e-con-boxed e-con e-child\" data-id=\"5555363\" data-element_type=\"container\" data-e-type=\"container\" data-settings=\"{&quot;background_background&quot;:&quot;classic&quot;}\">\n\t\t\t\t\t<div class=\"e-con-inner\">\n\t\t<div class=\"elementor-element elementor-element-6d1f16c e-flex e-con-boxed e-con e-child\" data-id=\"6d1f16c\" data-element_type=\"container\" data-e-type=\"container\">\n\t\t\t\t\t<div class=\"e-con-inner\">\n\t\t\t\t<div class=\"elementor-element elementor-element-66c3729 elementor-widget elementor-widget-heading\" data-id=\"66c3729\" data-element_type=\"widget\" data-e-type=\"widget\" data-widget_type=\"heading.default\">\n\t\t\t\t<div class=\"elementor-widget-container\">\n\t\t\t\t\t<h3 class=\"elementor-heading-title elementor-size-default\">La plus grande et r\u00e9put\u00e9e place d\u2019affaires automobile en ligne au Canada \u2212 AutoHebdo.net<\/h3>\t\t\t\t<\/div>\n\t\t\t\t<\/div>\n\t\t\t\t<div class=\"elementor-element elementor-element-112d0a6 elementor-widget elementor-widget-text-editor\" data-id=\"112d0a6\" data-element_type=\"widget\" data-e-type=\"widget\" data-widget_type=\"text-editor.default\">\n\t\t\t\t<div class=\"elementor-widget-container\">\n\t\t\t\t\t\t\t\t\tProposant le volume et la vari\u00e9t\u00e9 de v\u00e9hicules, ainsi que les outils d\u2019aide \u00e0 l\u2019achat auxquels s\u2019attendent les consommateurs canadiens, la place d\u2019affaires en ligne AutoHebdo.net est v\u00e9ritablement la ressource #1 \u00e0 consulter pour tout savoir sur le monde de l\u2019automobile. Avec sa notori\u00e9t\u00e9 spontan\u00e9e de 66% et s\u2019accaparant de 62% des parts de march\u00e9 parmi toutes les places d\u2019affaires automobiles canadiennes en ligne, sans oublier ses 10,6 millions d\u2019utilisateurs mensuels uniques, AutoHebdo.net offre sans l\u2019ombre d\u2019un doute la meilleure fa\u00e7on d\u2019acheter ou de vendre un v\u00e9hicule au Canada. D\u00e9couvrez nos solutions publicitaires prim\u00e9es, notre service attentionn\u00e9 et notre soutien de premier plan con\u00e7us pour stimuler votre rentabilit\u00e9 et simplifier le processus d\u2019achat automobile &#8211; nous aidons les commer\u00e7ants canadiens \u00e0 vendre plus, \u00e0 meilleure marge et plus facilement!   \n<br><br>\nEn plus, notre programme Offre argent comptant propose au consommateur une nouvelle avenue pratique et transparente pour vendre ou \u00e9changer un v\u00e9hicule, alors que pour nos commer\u00e7ants partenaires il repr\u00e9sente une toute nouvelle source de v\u00e9hicules de qualit\u00e9, inspect\u00e9s et pr\u00eats \u00e0 mettre en inventaire!\n\t\t\t\t\t\t\t\t<\/div>\n\t\t\t\t<\/div>\n\t\t\t\t\t<\/div>\n\t\t\t\t<\/div>\n\t\t<div class=\"elementor-element elementor-element-d76c936 e-con-full e-flex e-con e-child\" data-id=\"d76c936\" data-element_type=\"container\" data-e-type=\"container\">\n\t\t\t\t<div class=\"elementor-element elementor-element-9d95513 elementor-hidden-mobile elementor-widget elementor-widget-button\" data-id=\"9d95513\" data-element_type=\"widget\" data-e-type=\"widget\" data-widget_type=\"button.default\">\n\t\t\t\t<div class=\"elementor-widget-container\">\n\t\t\t\t\t\t\t\t\t<div class=\"elementor-button-wrapper\">\n\t\t\t\t\t<a class=\"elementor-button elementor-button-link elementor-size-md\" href=\"\/fr\/nos-marques\/place-daffaires\/autohebdo-net\/\">\n\t\t\t\t\t\t<span class=\"elementor-button-content-wrapper\">\n\t\t\t\t\t\t\t\t\t<span class=\"elementor-button-text\">En savoir plus sur AutoHebdo.net<\/span>\n\t\t\t\t\t<\/span>\n\t\t\t\t\t<\/a>\n\t\t\t\t<\/div>\n\t\t\t\t\t\t\t\t<\/div>\n\t\t\t\t<\/div>\n\t\t\t\t<div class=\"elementor-element elementor-element-59981c6 elementor-hidden-desktop elementor-hidden-tablet elementor-widget-mobile__width-inherit fw-button elementor-widget elementor-widget-button\" data-id=\"59981c6\" data-element_type=\"widget\" data-e-type=\"widget\" data-widget_type=\"button.default\">\n\t\t\t\t<div class=\"elementor-widget-container\">\n\t\t\t\t\t\t\t\t\t<div class=\"elementor-button-wrapper\">\n\t\t\t\t\t<a class=\"elementor-button elementor-button-link elementor-size-md\" href=\"\/fr\/nos-marques\/place-daffaires\/autohebdo-net\/\">\n\t\t\t\t\t\t<span class=\"elementor-button-content-wrapper\">\n\t\t\t\t\t\t\t\t\t<span class=\"elementor-button-text\">En savoir plus<br> sur AutoHebdo.net<\/span>\n\t\t\t\t\t<\/span>\n\t\t\t\t\t<\/a>\n\t\t\t\t<\/div>\n\t\t\t\t\t\t\t\t<\/div>\n\t\t\t\t<\/div>\n\t\t\t\t<div class=\"elementor-element elementor-element-6702d89 elementor-hidden-mobile elementor-widget elementor-widget-button\" data-id=\"6702d89\" data-element_type=\"widget\" data-e-type=\"widget\" data-widget_type=\"button.default\">\n\t\t\t\t<div class=\"elementor-widget-container\">\n\t\t\t\t\t\t\t\t\t<div class=\"elementor-button-wrapper\">\n\t\t\t\t\t<a class=\"elementor-button elementor-button-link elementor-size-md\" href=\"\/fr\/nos-marques\/place-daffaires\/offre-argent-comptant\/\">\n\t\t\t\t\t\t<span class=\"elementor-button-content-wrapper\">\n\t\t\t\t\t\t\t\t\t<span class=\"elementor-button-text\">En savoir plus sur Offre argent comptant<\/span>\n\t\t\t\t\t<\/span>\n\t\t\t\t\t<\/a>\n\t\t\t\t<\/div>\n\t\t\t\t\t\t\t\t<\/div>\n\t\t\t\t<\/div>\n\t\t\t\t<div class=\"elementor-element elementor-element-3bdfba8 elementor-hidden-desktop elementor-hidden-tablet elementor-widget-mobile__width-inherit fw-button elementor-widget elementor-widget-button\" data-id=\"3bdfba8\" data-element_type=\"widget\" data-e-type=\"widget\" data-widget_type=\"button.default\">\n\t\t\t\t<div class=\"elementor-widget-container\">\n\t\t\t\t\t\t\t\t\t<div class=\"elementor-button-wrapper\">\n\t\t\t\t\t<a class=\"elementor-button elementor-button-link elementor-size-md\" href=\"\/fr\/nos-marques\/place-daffaires\/offre-argent-comptant\/\">\n\t\t\t\t\t\t<span class=\"elementor-button-content-wrapper\">\n\t\t\t\t\t\t\t\t\t<span class=\"elementor-button-text\">En savoir plus sur<br> Offre argent comptant<\/span>\n\t\t\t\t\t<\/span>\n\t\t\t\t\t<\/a>\n\t\t\t\t<\/div>\n\t\t\t\t\t\t\t\t<\/div>\n\t\t\t\t<\/div>\n\t\t\t\t<\/div>\n\t\t\t\t<div class=\"elementor-element elementor-element-2be7795 elementor-widget elementor-widget-text-editor\" data-id=\"2be7795\" data-element_type=\"widget\" data-e-type=\"widget\" data-widget_type=\"text-editor.default\">\n\t\t\t\t<div class=\"elementor-widget-container\">\n\t\t\t\t\t\t\t\t\t<p>Source: (1) Google Analytics Trader, ao\u00fbt 2021. (2) Enqu\u00eate aupr\u00e8s des consommateurs, Angus Reid, juillet 2021  <\/p>\n\t\t\t\t\t\t\t\t<\/div>\n\t\t\t\t<\/div>\n\t\t\t\t\t<\/div>\n\t\t\t\t<\/div>\n\t\t\t\t\t<\/div>\n\t\t\t\t<\/div>\n\t\t\t\t<\/div>\n\t\t","protected":false},"excerpt":{"rendered":"<p>Place d&rsquo;affaires La plus grande et r\u00e9put\u00e9e place d\u2019affaires automobile en ligne au Canada \u2212 AutoHebdo.net Proposant le volume et la vari\u00e9t\u00e9 de v\u00e9hicules, ainsi que les outils d\u2019aide \u00e0 l\u2019achat auxquels s\u2019attendent les consommateurs canadiens, la place d\u2019affaires en ligne AutoHebdo.net est v\u00e9ritablement la ressource #1 \u00e0 consulter pour tout savoir sur le monde [&hellip;]<\/p>\n","protected":false},"author":2,"featured_media":0,"parent":3229,"menu_order":0,"comment_status":"closed","ping_status":"closed","template":"elementor_header_footer","meta":{"inline_featured_image":false,"footnotes":""},"class_list":["post-3155","page","type-page","status-publish","hentry"],"yoast_head":"<!-- This site is optimized with the Yoast SEO plugin v27.3 - https:\/\/yoast.com\/product\/yoast-seo-wordpress\/ -->\n<title>Place d\u2019affaires - Soci\u00e9t\u00e9 TRADER<\/title>\n<meta name=\"robots\" content=\"index, follow, max-snippet:-1, max-image-preview:large, max-video-preview:-1\" \/>\n<link rel=\"canonical\" href=\"https:\/\/tradercorporation.com\/our-brands\/marketplace\/\" \/>\n<meta property=\"og:locale\" content=\"fr_FR\" \/>\n<meta property=\"og:type\" content=\"article\" \/>\n<meta property=\"og:title\" content=\"Place d\u2019affaires - Soci\u00e9t\u00e9 TRADER\" \/>\n<meta property=\"og:description\" content=\"Place d&rsquo;affaires La plus grande et r\u00e9put\u00e9e place d\u2019affaires automobile en ligne au Canada \u2212 AutoHebdo.net Proposant le volume et la vari\u00e9t\u00e9 de v\u00e9hicules, ainsi que les outils d\u2019aide \u00e0 l\u2019achat auxquels s\u2019attendent les consommateurs canadiens, la place d\u2019affaires en ligne AutoHebdo.net est v\u00e9ritablement la ressource #1 \u00e0 consulter pour tout savoir sur le monde [&hellip;]\" \/>\n<meta property=\"og:url\" content=\"https:\/\/tradercorporation.com\/our-brands\/marketplace\/\" \/>\n<meta property=\"og:site_name\" content=\"Soci\u00e9t\u00e9 TRADER\" \/>\n<meta property=\"article:modified_time\" content=\"2023-09-26T20:30:13+00:00\" \/>\n<meta property=\"og:image\" content=\"https:\/\/tradercorporation.com\/wp-content\/uploads\/2023\/10\/Trader_site-image.png\" \/>\n\t<meta property=\"og:image:width\" content=\"1200\" \/>\n\t<meta property=\"og:image:height\" content=\"675\" \/>\n\t<meta property=\"og:image:type\" content=\"image\/png\" \/>\n<meta name=\"twitter:card\" content=\"summary_large_image\" \/>\n<meta name=\"twitter:label1\" content=\"Dur\u00e9e de lecture estim\u00e9e\" \/>\n\t<meta name=\"twitter:data1\" content=\"1 minute\" \/>\n<script type=\"application\/ld+json\" class=\"yoast-schema-graph\">{\"@context\":\"https:\\\/\\\/schema.org\",\"@graph\":[{\"@type\":\"WebPage\",\"@id\":\"https:\\\/\\\/tradercorporation.com\\\/our-brands\\\/marketplace\\\/\",\"url\":\"https:\\\/\\\/tradercorporation.com\\\/our-brands\\\/marketplace\\\/\",\"name\":\"Place d\u2019affaires - Soci\u00e9t\u00e9 TRADER\",\"isPartOf\":{\"@id\":\"https:\\\/\\\/tradercorporation.com\\\/#website\"},\"datePublished\":\"2023-08-07T17:47:08+00:00\",\"dateModified\":\"2023-09-26T20:30:13+00:00\",\"breadcrumb\":{\"@id\":\"https:\\\/\\\/tradercorporation.com\\\/our-brands\\\/marketplace\\\/#breadcrumb\"},\"inLanguage\":\"fr-FR\",\"potentialAction\":[{\"@type\":\"ReadAction\",\"target\":[\"https:\\\/\\\/tradercorporation.com\\\/our-brands\\\/marketplace\\\/\"]}]},{\"@type\":\"BreadcrumbList\",\"@id\":\"https:\\\/\\\/tradercorporation.com\\\/our-brands\\\/marketplace\\\/#breadcrumb\",\"itemListElement\":[{\"@type\":\"ListItem\",\"position\":1,\"name\":\"Home\",\"item\":\"https:\\\/\\\/tradercorporation.com\\\/\"},{\"@type\":\"ListItem\",\"position\":2,\"name\":\"Nos marques\",\"item\":\"https:\\\/\\\/tradercorporation.com\\\/our-brands\\\/\"},{\"@type\":\"ListItem\",\"position\":3,\"name\":\"Place d\u2019affaires\"}]},{\"@type\":\"WebSite\",\"@id\":\"https:\\\/\\\/tradercorporation.com\\\/#website\",\"url\":\"https:\\\/\\\/tradercorporation.com\\\/\",\"name\":\"Soci\u00e9t\u00e9 TRADER\",\"description\":\"\",\"publisher\":{\"@id\":\"https:\\\/\\\/tradercorporation.com\\\/#organization\"},\"potentialAction\":[{\"@type\":\"SearchAction\",\"target\":{\"@type\":\"EntryPoint\",\"urlTemplate\":\"https:\\\/\\\/tradercorporation.com\\\/?s={search_term_string}\"},\"query-input\":{\"@type\":\"PropertyValueSpecification\",\"valueRequired\":true,\"valueName\":\"search_term_string\"}}],\"inLanguage\":\"fr-FR\"},{\"@type\":\"Organization\",\"@id\":\"https:\\\/\\\/tradercorporation.com\\\/#organization\",\"name\":\"Soci\u00e9t\u00e9 TRADER\",\"url\":\"https:\\\/\\\/tradercorporation.com\\\/\",\"logo\":{\"@type\":\"ImageObject\",\"inLanguage\":\"fr-FR\",\"@id\":\"https:\\\/\\\/tradercorporation.com\\\/#\\\/schema\\\/logo\\\/image\\\/\",\"url\":\"https:\\\/\\\/tradercorporation.com\\\/wp-content\\\/uploads\\\/2023\\\/10\\\/Trader_site-image.png\",\"contentUrl\":\"https:\\\/\\\/tradercorporation.com\\\/wp-content\\\/uploads\\\/2023\\\/10\\\/Trader_site-image.png\",\"width\":1200,\"height\":675,\"caption\":\"Soci\u00e9t\u00e9 TRADER\"},\"image\":{\"@id\":\"https:\\\/\\\/tradercorporation.com\\\/#\\\/schema\\\/logo\\\/image\\\/\"}}]}<\/script>\n<!-- \/ Yoast SEO plugin. -->","yoast_head_json":{"title":"Place d\u2019affaires - Soci\u00e9t\u00e9 TRADER","robots":{"index":"index","follow":"follow","max-snippet":"max-snippet:-1","max-image-preview":"max-image-preview:large","max-video-preview":"max-video-preview:-1"},"canonical":"https:\/\/tradercorporation.com\/our-brands\/marketplace\/","og_locale":"fr_FR","og_type":"article","og_title":"Place d\u2019affaires - Soci\u00e9t\u00e9 TRADER","og_description":"Place d&rsquo;affaires La plus grande et r\u00e9put\u00e9e place d\u2019affaires automobile en ligne au Canada \u2212 AutoHebdo.net Proposant le volume et la vari\u00e9t\u00e9 de v\u00e9hicules, ainsi que les outils d\u2019aide \u00e0 l\u2019achat auxquels s\u2019attendent les consommateurs canadiens, la place d\u2019affaires en ligne AutoHebdo.net est v\u00e9ritablement la ressource #1 \u00e0 consulter pour tout savoir sur le monde [&hellip;]","og_url":"https:\/\/tradercorporation.com\/our-brands\/marketplace\/","og_site_name":"Soci\u00e9t\u00e9 TRADER","article_modified_time":"2023-09-26T20:30:13+00:00","og_image":[{"width":1200,"height":675,"url":"https:\/\/tradercorporation.com\/wp-content\/uploads\/2023\/10\/Trader_site-image.png","type":"image\/png"}],"twitter_card":"summary_large_image","twitter_misc":{"Dur\u00e9e de lecture estim\u00e9e":"1 minute"},"schema":{"@context":"https:\/\/schema.org","@graph":[{"@type":"WebPage","@id":"https:\/\/tradercorporation.com\/our-brands\/marketplace\/","url":"https:\/\/tradercorporation.com\/our-brands\/marketplace\/","name":"Place d\u2019affaires - Soci\u00e9t\u00e9 TRADER","isPartOf":{"@id":"https:\/\/tradercorporation.com\/#website"},"datePublished":"2023-08-07T17:47:08+00:00","dateModified":"2023-09-26T20:30:13+00:00","breadcrumb":{"@id":"https:\/\/tradercorporation.com\/our-brands\/marketplace\/#breadcrumb"},"inLanguage":"fr-FR","potentialAction":[{"@type":"ReadAction","target":["https:\/\/tradercorporation.com\/our-brands\/marketplace\/"]}]},{"@type":"BreadcrumbList","@id":"https:\/\/tradercorporation.com\/our-brands\/marketplace\/#breadcrumb","itemListElement":[{"@type":"ListItem","position":1,"name":"Home","item":"https:\/\/tradercorporation.com\/"},{"@type":"ListItem","position":2,"name":"Nos marques","item":"https:\/\/tradercorporation.com\/our-brands\/"},{"@type":"ListItem","position":3,"name":"Place d\u2019affaires"}]},{"@type":"WebSite","@id":"https:\/\/tradercorporation.com\/#website","url":"https:\/\/tradercorporation.com\/","name":"Soci\u00e9t\u00e9 TRADER","description":"","publisher":{"@id":"https:\/\/tradercorporation.com\/#organization"},"potentialAction":[{"@type":"SearchAction","target":{"@type":"EntryPoint","urlTemplate":"https:\/\/tradercorporation.com\/?s={search_term_string}"},"query-input":{"@type":"PropertyValueSpecification","valueRequired":true,"valueName":"search_term_string"}}],"inLanguage":"fr-FR"},{"@type":"Organization","@id":"https:\/\/tradercorporation.com\/#organization","name":"Soci\u00e9t\u00e9 TRADER","url":"https:\/\/tradercorporation.com\/","logo":{"@type":"ImageObject","inLanguage":"fr-FR","@id":"https:\/\/tradercorporation.com\/#\/schema\/logo\/image\/","url":"https:\/\/tradercorporation.com\/wp-content\/uploads\/2023\/10\/Trader_site-image.png","contentUrl":"https:\/\/tradercorporation.com\/wp-content\/uploads\/2023\/10\/Trader_site-image.png","width":1200,"height":675,"caption":"Soci\u00e9t\u00e9 TRADER"},"image":{"@id":"https:\/\/tradercorporation.com\/#\/schema\/logo\/image\/"}}]}},"_links":{"self":[{"href":"https:\/\/tradercorporation.com\/fr\/wp-json\/wp\/v2\/pages\/3155","targetHints":{"allow":["GET"]}}],"collection":[{"href":"https:\/\/tradercorporation.com\/fr\/wp-json\/wp\/v2\/pages"}],"about":[{"href":"https:\/\/tradercorporation.com\/fr\/wp-json\/wp\/v2\/types\/page"}],"author":[{"embeddable":true,"href":"https:\/\/tradercorporation.com\/fr\/wp-json\/wp\/v2\/users\/2"}],"replies":[{"embeddable":true,"href":"https:\/\/tradercorporation.com\/fr\/wp-json\/wp\/v2\/comments?post=3155"}],"version-history":[{"count":0,"href":"https:\/\/tradercorporation.com\/fr\/wp-json\/wp\/v2\/pages\/3155\/revisions"}],"up":[{"embeddable":true,"href":"https:\/\/tradercorporation.com\/fr\/wp-json\/wp\/v2\/pages\/3229"}],"wp:attachment":[{"href":"https:\/\/tradercorporation.com\/fr\/wp-json\/wp\/v2\/media?parent=3155"}],"curies":[{"name":"wp","href":"https:\/\/api.w.org\/{rel}","templated":true}]}}