{"id":3173,"date":"2023-08-10T17:51:29","date_gmt":"2023-08-10T17:51:29","guid":{"rendered":"https:\/\/tdrcorpprd.wpengine.com\/autosync\/"},"modified":"2023-09-26T20:28:23","modified_gmt":"2023-09-26T20:28:23","slug":"autosync","status":"publish","type":"page","link":"https:\/\/tradercorporation.com\/fr\/nos-marques\/logiciels-pour-commercants-automobiles\/autosync\/","title":{"rendered":"AutoSync"},"content":{"rendered":"\t\t<div data-elementor-type=\"wp-page\" data-elementor-id=\"3173\" class=\"elementor elementor-3173 elementor-1740\" data-elementor-post-type=\"page\">\n\t\t\t\t<div class=\"elementor-element elementor-element-225994e e-con-full e-flex e-con e-parent\" data-id=\"225994e\" data-element_type=\"container\" data-e-type=\"container\" data-settings=\"{&quot;background_background&quot;:&quot;classic&quot;}\">\n\t\t<div class=\"elementor-element elementor-element-3ba43b2 e-flex e-con-boxed e-con e-child\" data-id=\"3ba43b2\" data-element_type=\"container\" data-e-type=\"container\">\n\t\t\t\t\t<div class=\"e-con-inner\">\n\t\t\t\t<div class=\"elementor-element elementor-element-2436507 elementor-widget elementor-widget-heading\" data-id=\"2436507\" data-element_type=\"widget\" data-e-type=\"widget\" data-widget_type=\"heading.default\">\n\t\t\t\t<div class=\"elementor-widget-container\">\n\t\t\t\t\t<h1 class=\"elementor-heading-title elementor-size-default\">AutoSync<\/h1>\t\t\t\t<\/div>\n\t\t\t\t<\/div>\n\t\t\t\t\t<\/div>\n\t\t\t\t<\/div>\n\t\t\t\t<\/div>\n\t\t<div class=\"elementor-element elementor-element-7cd216d e-flex e-con-boxed e-con e-parent\" data-id=\"7cd216d\" data-element_type=\"container\" data-e-type=\"container\">\n\t\t\t\t\t<div class=\"e-con-inner\">\n\t\t<div class=\"elementor-element elementor-element-5555363 e-flex e-con-boxed e-con e-child\" data-id=\"5555363\" data-element_type=\"container\" data-e-type=\"container\" data-settings=\"{&quot;background_background&quot;:&quot;classic&quot;}\">\n\t\t\t\t\t<div class=\"e-con-inner\">\n\t\t<div class=\"elementor-element elementor-element-6d1f16c e-flex e-con-boxed e-con e-child\" data-id=\"6d1f16c\" data-element_type=\"container\" data-e-type=\"container\">\n\t\t\t\t\t<div class=\"e-con-inner\">\n\t\t\t\t<div class=\"elementor-element elementor-element-66c3729 elementor-widget elementor-widget-heading\" data-id=\"66c3729\" data-element_type=\"widget\" data-e-type=\"widget\" data-widget_type=\"heading.default\">\n\t\t\t\t<div class=\"elementor-widget-container\">\n\t\t\t\t\t<h3 class=\"elementor-heading-title elementor-size-default\">L\u2019entonnoir de vente moderne r\u00eav\u00e9 par les concessionnaires et marchands automobiles<\/h3>\t\t\t\t<\/div>\n\t\t\t\t<\/div>\n\t\t\t\t<div class=\"elementor-element elementor-element-112d0a6 elementor-widget elementor-widget-text-editor\" data-id=\"112d0a6\" data-element_type=\"widget\" data-e-type=\"widget\" data-widget_type=\"text-editor.default\">\n\t\t\t\t<div class=\"elementor-widget-container\">\n\t\t\t\t\t\t\t\t\t<p>AutoSync propose une suite de logiciels automobiles int\u00e9gr\u00e9s de premier ordre, qui contribue \u00e0 l\u2019excellence de vos efforts publicitaires, de conversion et op\u00e9rationnels dans le but de vous apporter des r\u00e9sultats incomparables. Nous concevons des solutions flexibles (non exclusives \u00e0 une plateforme publicitaire en particulier), faciles \u00e0 d\u00e9ployer et \u00e0 utiliser, sur le syst\u00e8me de votre choix. Utilisez nos outils individuellement ou profitez de notre suite logicielle int\u00e9gr\u00e9e qui unifie l\u2019ensemble du parcours d\u2019achat automobile, et un peu plus loin. Ces solutions s\u2019accompagnent toutes du soutien attentionn\u00e9 de nos conseillers-experts: vous pourrez vraiment compter sur AutoSync pour optimiser vos strat\u00e9gies d\u2019affaires et g\u00e9rer de mani\u00e8re \u00e9clair\u00e9e.   <\/p>\n\t\t\t\t\t\t\t\t<\/div>\n\t\t\t\t<\/div>\n\t\t\t\t\t<\/div>\n\t\t\t\t<\/div>\n\t\t<div class=\"elementor-element elementor-element-5241bd0 e-con-full e-grid e-con e-child\" data-id=\"5241bd0\" data-element_type=\"container\" data-e-type=\"container\">\n\t\t\t\t<div class=\"elementor-element elementor-element-f065bb3 elementor-view-default elementor-widget elementor-widget-litho-feature-box\" data-id=\"f065bb3\" data-element_type=\"widget\" data-e-type=\"widget\" data-settings=\"{&quot;litho_feature_box_styles&quot;:&quot;icon-text-style-9&quot;,&quot;litho_feature_box_button_background_color_background&quot;:&quot;classic&quot;,&quot;litho_feature_box_button_background_hover_color_background&quot;:&quot;classic&quot;}\" data-widget_type=\"litho-feature-box.default\">\n\t\t\t\t<div class=\"elementor-widget-container\">\n\t\t\t\t\t\t\t\t\t\t<div class=\"feature-box icon-text-style-9\">\n\t\t\t\t\t\t<div class=\"feature-box-wrap\">\n\t\t\t\t\t\t\t\t\t\t\t\t\t\t\t\t\t\t\t\t\t\t<div class=\"feature-box-content\">\n\t\t\t\t\t\t\t\t\t\t\t\t\t\t\t\t\t\t\t<h3 class=\"title\">\n\t\t\t\t\t\t\t\t\t\t\t\t\t\t\t\t\t\t\t\t\t\tTRFFK \t\t\t\t\t\t\t\t\t\t\t\t\t\t\t\t\t\t\t\t\t<\/h3>\n\t\t\t\t\t\t\t\t\t\t\t\t\t\t\t\t\t\t\t\t\t\t\t\t\t\t\t\t<span class=\"subtitle\">Solution de publicit\u00e9 num\u00e9rique<\/span>\n\t\t\t\t\t\t\t\t\t\t\t\t\t\t\t\t\t<\/div>\n\t\t\t\t\t\t\t\t\t\t\t\t\t\t\t\t\t\t\t\t\t\t\t\t\t\t\t\t\t<div class=\"elementor-button-wrapper\">\n\t\t\t\t\t\t\t\t\t<a href=\"\/fr\/nos-marques\/logiciels-pour-commercants-automobiles\/autosync\/trffk\/\" class=\"elementor-button-link elementor-button elementor-size-xl \" role=\"button\">\n\t\t\t\t\t\t\t\t\t\t<span class=\"elementor-button-content-wrapper\">\n\t\t\t\t\t\t\t\t\t\t\t\t\t\t\t\t\t\t\t\t\t\t<span class=\"elementor-button-text\">En savoir plus<\/span>\n\t\t\t\t\t\t\t\t\t\t<\/span>\n\t\t\t\t\t\t\t\t\t<\/a>\n\t\t\t\t\t\t\t\t<\/div>\n\t\t\t\t\t\t\t\t\t\t\t\t\t<\/div>\n\t\t\t\t\t<\/div>\n\t\t\t\t\t\t\t\t\t<\/div>\n\t\t\t\t<\/div>\n\t\t\t\t<div class=\"elementor-element elementor-element-c82418d elementor-view-default elementor-widget elementor-widget-litho-feature-box\" data-id=\"c82418d\" data-element_type=\"widget\" data-e-type=\"widget\" data-settings=\"{&quot;litho_feature_box_styles&quot;:&quot;icon-text-style-9&quot;,&quot;litho_feature_box_button_background_color_background&quot;:&quot;classic&quot;,&quot;litho_feature_box_button_background_hover_color_background&quot;:&quot;classic&quot;}\" data-widget_type=\"litho-feature-box.default\">\n\t\t\t\t<div class=\"elementor-widget-container\">\n\t\t\t\t\t\t\t\t\t\t<div class=\"feature-box icon-text-style-9\">\n\t\t\t\t\t\t<div class=\"feature-box-wrap\">\n\t\t\t\t\t\t\t\t\t\t\t\t\t\t\t\t\t\t\t\t\t\t<div class=\"feature-box-content\">\n\t\t\t\t\t\t\t\t\t\t\t\t\t\t\t\t\t\t\t<h3 class=\"title\">\n\t\t\t\t\t\t\t\t\t\t\t\t\t\t\t\t\t\t\t\t\t\tTAvantage \t\t\t\t\t\t\t\t\t\t\t\t\t\t\t\t\t\t\t\t\t<\/h3>\n\t\t\t\t\t\t\t\t\t\t\t\t\t\t\t\t\t\t\t\t\t\t\t\t\t\t\t\t<span class=\"subtitle\">Plateforme Web pour commer\u00e7ants automobiles<\/span>\n\t\t\t\t\t\t\t\t\t\t\t\t\t\t\t\t\t<\/div>\n\t\t\t\t\t\t\t\t\t\t\t\t\t\t\t\t\t\t\t\t\t\t\t\t\t\t\t\t\t<div class=\"elementor-button-wrapper\">\n\t\t\t\t\t\t\t\t\t<a href=\"\/fr\/nos-marques\/logiciels-pour-commercants-automobiles\/autosync\/tavantage\/\" class=\"elementor-button-link elementor-button elementor-size-xl \" role=\"button\">\n\t\t\t\t\t\t\t\t\t\t<span class=\"elementor-button-content-wrapper\">\n\t\t\t\t\t\t\t\t\t\t\t\t\t\t\t\t\t\t\t\t\t\t<span class=\"elementor-button-text\">En savoir plus<\/span>\n\t\t\t\t\t\t\t\t\t\t<\/span>\n\t\t\t\t\t\t\t\t\t<\/a>\n\t\t\t\t\t\t\t\t<\/div>\n\t\t\t\t\t\t\t\t\t\t\t\t\t<\/div>\n\t\t\t\t\t<\/div>\n\t\t\t\t\t\t\t\t\t<\/div>\n\t\t\t\t<\/div>\n\t\t\t\t<div class=\"elementor-element elementor-element-a2fb213 elementor-view-default elementor-widget elementor-widget-litho-feature-box\" data-id=\"a2fb213\" data-element_type=\"widget\" data-e-type=\"widget\" data-settings=\"{&quot;litho_feature_box_styles&quot;:&quot;icon-text-style-9&quot;,&quot;litho_feature_box_button_background_color_background&quot;:&quot;classic&quot;,&quot;litho_feature_box_button_background_hover_color_background&quot;:&quot;classic&quot;}\" data-widget_type=\"litho-feature-box.default\">\n\t\t\t\t<div class=\"elementor-widget-container\">\n\t\t\t\t\t\t\t\t\t\t<div class=\"feature-box icon-text-style-9\">\n\t\t\t\t\t\t<div class=\"feature-box-wrap\">\n\t\t\t\t\t\t\t\t\t\t\t\t\t\t\t\t\t\t\t\t\t\t<div class=\"feature-box-content\">\n\t\t\t\t\t\t\t\t\t\t\t\t\t\t\t\t\t\t\t<h3 class=\"title\">\n\t\t\t\t\t\t\t\t\t\t\t\t\t\t\t\t\t\t\t\t\t\tMotoinsight \t\t\t\t\t\t\t\t\t\t\t\t\t\t\t\t\t\t\t\t\t<\/h3>\n\t\t\t\t\t\t\t\t\t\t\t\t\t\t\t\t\t\t\t\t\t\t\t\t\t\t\t\t<span class=\"subtitle\">Vente au d\u00e9tail moderne et connect\u00e9e<\/span>\n\t\t\t\t\t\t\t\t\t\t\t\t\t\t\t\t\t<\/div>\n\t\t\t\t\t\t\t\t\t\t\t\t\t\t\t\t\t\t\t\t\t\t\t\t\t\t\t\t\t<div class=\"elementor-button-wrapper\">\n\t\t\t\t\t\t\t\t\t<a href=\"\/fr\/nos-marques\/logiciels-pour-commercants-automobiles\/autosync\/motoinsight\/\" class=\"elementor-button-link elementor-button elementor-size-xl \" role=\"button\">\n\t\t\t\t\t\t\t\t\t\t<span class=\"elementor-button-content-wrapper\">\n\t\t\t\t\t\t\t\t\t\t\t\t\t\t\t\t\t\t\t\t\t\t<span class=\"elementor-button-text\">En savoir plus<\/span>\n\t\t\t\t\t\t\t\t\t\t<\/span>\n\t\t\t\t\t\t\t\t\t<\/a>\n\t\t\t\t\t\t\t\t<\/div>\n\t\t\t\t\t\t\t\t\t\t\t\t\t<\/div>\n\t\t\t\t\t<\/div>\n\t\t\t\t\t\t\t\t\t<\/div>\n\t\t\t\t<\/div>\n\t\t\t\t<div class=\"elementor-element elementor-element-63fd901 elementor-view-default elementor-widget elementor-widget-litho-feature-box\" data-id=\"63fd901\" data-element_type=\"widget\" data-e-type=\"widget\" data-settings=\"{&quot;litho_feature_box_styles&quot;:&quot;icon-text-style-9&quot;,&quot;litho_feature_box_button_background_color_background&quot;:&quot;classic&quot;,&quot;litho_feature_box_button_background_hover_color_background&quot;:&quot;classic&quot;}\" data-widget_type=\"litho-feature-box.default\">\n\t\t\t\t<div class=\"elementor-widget-container\">\n\t\t\t\t\t\t\t\t\t\t<div class=\"feature-box icon-text-style-9\">\n\t\t\t\t\t\t<div class=\"feature-box-wrap\">\n\t\t\t\t\t\t\t\t\t\t\t\t\t\t\t\t\t\t\t\t\t\t<div class=\"feature-box-content\">\n\t\t\t\t\t\t\t\t\t\t\t\t\t\t\t\t\t\t\t<h3 class=\"title\">\n\t\t\t\t\t\t\t\t\t\t\t\t\t\t\t\t\t\t\t\t\t\tActivix \t\t\t\t\t\t\t\t\t\t\t\t\t\t\t\t\t\t\t\t\t<\/h3>\n\t\t\t\t\t\t\t\t\t\t\t\t\t\t\t\t\t\t\t\t\t\t\t\t\t\t\t\t<span class=\"subtitle\">CRM, CLM, CXM et DPM!<\/span>\n\t\t\t\t\t\t\t\t\t\t\t\t\t\t\t\t\t<\/div>\n\t\t\t\t\t\t\t\t\t\t\t\t\t\t\t\t\t\t\t\t\t\t\t\t\t\t\t\t\t<div class=\"elementor-button-wrapper\">\n\t\t\t\t\t\t\t\t\t<a href=\"\/fr\/nos-marques\/logiciels-pour-commercants-automobiles\/autosync\/activix\/\" class=\"elementor-button-link elementor-button elementor-size-xl \" role=\"button\">\n\t\t\t\t\t\t\t\t\t\t<span class=\"elementor-button-content-wrapper\">\n\t\t\t\t\t\t\t\t\t\t\t\t\t\t\t\t\t\t\t\t\t\t<span class=\"elementor-button-text\">En savoir plus<\/span>\n\t\t\t\t\t\t\t\t\t\t<\/span>\n\t\t\t\t\t\t\t\t\t<\/a>\n\t\t\t\t\t\t\t\t<\/div>\n\t\t\t\t\t\t\t\t\t\t\t\t\t<\/div>\n\t\t\t\t\t<\/div>\n\t\t\t\t\t\t\t\t\t<\/div>\n\t\t\t\t<\/div>\n\t\t\t\t<div class=\"elementor-element elementor-element-79771ec elementor-view-default elementor-widget elementor-widget-litho-feature-box\" data-id=\"79771ec\" data-element_type=\"widget\" data-e-type=\"widget\" data-settings=\"{&quot;litho_feature_box_styles&quot;:&quot;icon-text-style-9&quot;,&quot;litho_feature_box_button_background_color_background&quot;:&quot;classic&quot;,&quot;litho_feature_box_button_background_hover_color_background&quot;:&quot;classic&quot;}\" data-widget_type=\"litho-feature-box.default\">\n\t\t\t\t<div class=\"elementor-widget-container\">\n\t\t\t\t\t\t\t\t\t\t<div class=\"feature-box icon-text-style-9\">\n\t\t\t\t\t\t<div class=\"feature-box-wrap\">\n\t\t\t\t\t\t\t\t\t\t\t\t\t\t\t\t\t\t\t\t\t\t<div class=\"feature-box-content\">\n\t\t\t\t\t\t\t\t\t\t\t\t\t\t\t\t\t\t\t<h3 class=\"title\">\n\t\t\t\t\t\t\t\t\t\t\t\t\t\t\t\t\t\t\t\t\t\tvAuto \t\t\t\t\t\t\t\t\t\t\t\t\t\t\t\t\t\t\t\t\t<\/h3>\n\t\t\t\t\t\t\t\t\t\t\t\t\t\t\t\t\t\t\t\t\t\t\t\t\t\t\t\t<span class=\"subtitle\">Syst\u00e8me de gestion d\u2019inventaire<\/span>\n\t\t\t\t\t\t\t\t\t\t\t\t\t\t\t\t\t<\/div>\n\t\t\t\t\t\t\t\t\t\t\t\t\t\t\t\t\t\t\t\t\t\t\t\t\t\t\t\t\t<div class=\"elementor-button-wrapper\">\n\t\t\t\t\t\t\t\t\t<a href=\"\/fr\/nos-marques\/logiciels-pour-commercants-automobiles\/autosync\/vauto\/\" class=\"elementor-button-link elementor-button elementor-size-xl \" role=\"button\">\n\t\t\t\t\t\t\t\t\t\t<span class=\"elementor-button-content-wrapper\">\n\t\t\t\t\t\t\t\t\t\t\t\t\t\t\t\t\t\t\t\t\t\t<span class=\"elementor-button-text\">En savoir plus<\/span>\n\t\t\t\t\t\t\t\t\t\t<\/span>\n\t\t\t\t\t\t\t\t\t<\/a>\n\t\t\t\t\t\t\t\t<\/div>\n\t\t\t\t\t\t\t\t\t\t\t\t\t<\/div>\n\t\t\t\t\t<\/div>\n\t\t\t\t\t\t\t\t\t<\/div>\n\t\t\t\t<\/div>\n\t\t\t\t<div class=\"elementor-element elementor-element-40b48f3 elementor-view-default elementor-widget elementor-widget-litho-feature-box\" data-id=\"40b48f3\" data-element_type=\"widget\" data-e-type=\"widget\" data-settings=\"{&quot;litho_feature_box_styles&quot;:&quot;icon-text-style-9&quot;,&quot;litho_feature_box_button_background_color_background&quot;:&quot;classic&quot;,&quot;litho_feature_box_button_background_hover_color_background&quot;:&quot;classic&quot;}\" data-widget_type=\"litho-feature-box.default\">\n\t\t\t\t<div class=\"elementor-widget-container\">\n\t\t\t\t\t\t\t\t\t\t<div class=\"feature-box icon-text-style-9\">\n\t\t\t\t\t\t<div class=\"feature-box-wrap\">\n\t\t\t\t\t\t\t\t\t\t\t\t\t\t\t\t\t\t\t\t\t\t<div class=\"feature-box-content\">\n\t\t\t\t\t\t\t\t\t\t\t\t\t\t\t\t\t\t\t<h3 class=\"title\">\n\t\t\t\t\t\t\t\t\t\t\t\t\t\t\t\t\t\t\t\t\t\tEasyDeal \t\t\t\t\t\t\t\t\t\t\t\t\t\t\t\t\t\t\t\t\t<\/h3>\n\t\t\t\t\t\t\t\t\t\t\t\t\t\t\t\t\t\t\t\t\t\t\t\t\t\t\t\t<span class=\"subtitle\">Outil d\u2019aide \u00e0 la n\u00e9gociation automobile<\/span>\n\t\t\t\t\t\t\t\t\t\t\t\t\t\t\t\t\t<\/div>\n\t\t\t\t\t\t\t\t\t\t\t\t\t\t\t\t\t\t\t\t\t\t\t\t\t\t\t\t\t<div class=\"elementor-button-wrapper\">\n\t\t\t\t\t\t\t\t\t<a href=\"\/fr\/nos-marques\/logiciels-pour-commercants-automobiles\/autosync\/easydeal\/\" class=\"elementor-button-link elementor-button elementor-size-xl \" role=\"button\">\n\t\t\t\t\t\t\t\t\t\t<span class=\"elementor-button-content-wrapper\">\n\t\t\t\t\t\t\t\t\t\t\t\t\t\t\t\t\t\t\t\t\t\t<span class=\"elementor-button-text\">En savoir plus<\/span>\n\t\t\t\t\t\t\t\t\t\t<\/span>\n\t\t\t\t\t\t\t\t\t<\/a>\n\t\t\t\t\t\t\t\t<\/div>\n\t\t\t\t\t\t\t\t\t\t\t\t\t<\/div>\n\t\t\t\t\t<\/div>\n\t\t\t\t\t\t\t\t\t<\/div>\n\t\t\t\t<\/div>\n\t\t\t\t<div class=\"elementor-element elementor-element-50c5dd9 elementor-view-default elementor-widget elementor-widget-litho-feature-box\" data-id=\"50c5dd9\" data-element_type=\"widget\" data-e-type=\"widget\" data-settings=\"{&quot;litho_feature_box_styles&quot;:&quot;icon-text-style-9&quot;,&quot;litho_feature_box_button_background_color_background&quot;:&quot;classic&quot;,&quot;litho_feature_box_button_background_hover_color_background&quot;:&quot;classic&quot;}\" data-widget_type=\"litho-feature-box.default\">\n\t\t\t\t<div class=\"elementor-widget-container\">\n\t\t\t\t\t\t\t\t\t\t<div class=\"feature-box icon-text-style-9\">\n\t\t\t\t\t\t<div class=\"feature-box-wrap\">\n\t\t\t\t\t\t\t\t\t\t\t\t\t\t\t\t\t\t\t\t\t\t<div class=\"feature-box-content\">\n\t\t\t\t\t\t\t\t\t\t\t\t\t\t\t\t\t\t\t<h3 class=\"title\">\n\t\t\t\t\t\t\t\t\t\t\t\t\t\t\t\t\t\t\t\t\t\txTime \t\t\t\t\t\t\t\t\t\t\t\t\t\t\t\t\t\t\t\t\t<\/h3>\n\t\t\t\t\t\t\t\t\t\t\t\t\t\t\t\t\t\t\t\t\t\t\t\t\t\t\t\t<span class=\"subtitle\">Gestion des d\u00e9partements \u00ab frais fixes \u00bb<\/span>\n\t\t\t\t\t\t\t\t\t\t\t\t\t\t\t\t\t<\/div>\n\t\t\t\t\t\t\t\t\t\t\t\t\t\t\t\t\t\t\t\t\t\t\t\t\t\t\t\t\t<div class=\"elementor-button-wrapper\">\n\t\t\t\t\t\t\t\t\t<a href=\"\/fr\/nos-marques\/logiciels-pour-commercants-automobiles\/autosync\/xtime\/\" class=\"elementor-button-link elementor-button elementor-size-xl \" role=\"button\">\n\t\t\t\t\t\t\t\t\t\t<span class=\"elementor-button-content-wrapper\">\n\t\t\t\t\t\t\t\t\t\t\t\t\t\t\t\t\t\t\t\t\t\t<span class=\"elementor-button-text\">En savoir plus<\/span>\n\t\t\t\t\t\t\t\t\t\t<\/span>\n\t\t\t\t\t\t\t\t\t<\/a>\n\t\t\t\t\t\t\t\t<\/div>\n\t\t\t\t\t\t\t\t\t\t\t\t\t<\/div>\n\t\t\t\t\t<\/div>\n\t\t\t\t\t\t\t\t\t<\/div>\n\t\t\t\t<\/div>\n\t\t\t\t<\/div>\n\t\t\t\t\t<\/div>\n\t\t\t\t<\/div>\n\t\t\t\t\t<\/div>\n\t\t\t\t<\/div>\n\t\t\t\t<\/div>\n\t\t","protected":false},"excerpt":{"rendered":"<p>AutoSync L\u2019entonnoir de vente moderne r\u00eav\u00e9 par les concessionnaires et marchands automobiles AutoSync propose une suite de logiciels automobiles int\u00e9gr\u00e9s de premier ordre, qui contribue \u00e0 l\u2019excellence de vos efforts publicitaires, de conversion et op\u00e9rationnels dans le but de vous apporter des r\u00e9sultats incomparables. Nous concevons des solutions flexibles (non exclusives \u00e0 une plateforme publicitaire [&hellip;]<\/p>\n","protected":false},"author":2,"featured_media":0,"parent":3175,"menu_order":0,"comment_status":"closed","ping_status":"closed","template":"elementor_header_footer","meta":{"inline_featured_image":false,"footnotes":""},"class_list":["post-3173","page","type-page","status-publish","hentry"],"yoast_head":"<!-- This site is optimized with the Yoast SEO plugin v27.3 - https:\/\/yoast.com\/product\/yoast-seo-wordpress\/ -->\n<title>AutoSync - Soci\u00e9t\u00e9 TRADER<\/title>\n<meta name=\"robots\" content=\"index, follow, max-snippet:-1, max-image-preview:large, max-video-preview:-1\" \/>\n<link rel=\"canonical\" href=\"https:\/\/tradercorporation.com\/our-brands\/dealer-software\/autosync\/\" \/>\n<meta property=\"og:locale\" content=\"fr_FR\" \/>\n<meta property=\"og:type\" content=\"article\" \/>\n<meta property=\"og:title\" content=\"AutoSync - Soci\u00e9t\u00e9 TRADER\" \/>\n<meta property=\"og:description\" content=\"AutoSync L\u2019entonnoir de vente moderne r\u00eav\u00e9 par les concessionnaires et marchands automobiles AutoSync propose une suite de logiciels automobiles int\u00e9gr\u00e9s de premier ordre, qui contribue \u00e0 l\u2019excellence de vos efforts publicitaires, de conversion et op\u00e9rationnels dans le but de vous apporter des r\u00e9sultats incomparables. Nous concevons des solutions flexibles (non exclusives \u00e0 une plateforme publicitaire [&hellip;]\" \/>\n<meta property=\"og:url\" content=\"https:\/\/tradercorporation.com\/our-brands\/dealer-software\/autosync\/\" \/>\n<meta property=\"og:site_name\" content=\"Soci\u00e9t\u00e9 TRADER\" \/>\n<meta property=\"article:modified_time\" content=\"2023-09-26T20:28:23+00:00\" \/>\n<meta property=\"og:image\" content=\"https:\/\/tradercorporation.com\/wp-content\/uploads\/2023\/10\/Trader_site-image.png\" \/>\n\t<meta property=\"og:image:width\" content=\"1200\" \/>\n\t<meta property=\"og:image:height\" content=\"675\" \/>\n\t<meta property=\"og:image:type\" content=\"image\/png\" \/>\n<meta name=\"twitter:card\" content=\"summary_large_image\" \/>\n<meta name=\"twitter:label1\" content=\"Dur\u00e9e de lecture estim\u00e9e\" \/>\n\t<meta name=\"twitter:data1\" content=\"1 minute\" \/>\n<script type=\"application\/ld+json\" class=\"yoast-schema-graph\">{\"@context\":\"https:\\\/\\\/schema.org\",\"@graph\":[{\"@type\":\"WebPage\",\"@id\":\"https:\\\/\\\/tradercorporation.com\\\/our-brands\\\/dealer-software\\\/autosync\\\/\",\"url\":\"https:\\\/\\\/tradercorporation.com\\\/our-brands\\\/dealer-software\\\/autosync\\\/\",\"name\":\"AutoSync - Soci\u00e9t\u00e9 TRADER\",\"isPartOf\":{\"@id\":\"https:\\\/\\\/tradercorporation.com\\\/#website\"},\"datePublished\":\"2023-08-10T17:51:29+00:00\",\"dateModified\":\"2023-09-26T20:28:23+00:00\",\"breadcrumb\":{\"@id\":\"https:\\\/\\\/tradercorporation.com\\\/our-brands\\\/dealer-software\\\/autosync\\\/#breadcrumb\"},\"inLanguage\":\"fr-FR\",\"potentialAction\":[{\"@type\":\"ReadAction\",\"target\":[\"https:\\\/\\\/tradercorporation.com\\\/our-brands\\\/dealer-software\\\/autosync\\\/\"]}]},{\"@type\":\"BreadcrumbList\",\"@id\":\"https:\\\/\\\/tradercorporation.com\\\/our-brands\\\/dealer-software\\\/autosync\\\/#breadcrumb\",\"itemListElement\":[{\"@type\":\"ListItem\",\"position\":1,\"name\":\"Home\",\"item\":\"https:\\\/\\\/tradercorporation.com\\\/\"},{\"@type\":\"ListItem\",\"position\":2,\"name\":\"Nos marques\",\"item\":\"https:\\\/\\\/tradercorporation.com\\\/our-brands\\\/\"},{\"@type\":\"ListItem\",\"position\":3,\"name\":\"Logiciels pour commer\u00e7ants automobiles\",\"item\":\"https:\\\/\\\/tradercorporation.com\\\/our-brands\\\/dealer-software\\\/\"},{\"@type\":\"ListItem\",\"position\":4,\"name\":\"AutoSync\"}]},{\"@type\":\"WebSite\",\"@id\":\"https:\\\/\\\/tradercorporation.com\\\/#website\",\"url\":\"https:\\\/\\\/tradercorporation.com\\\/\",\"name\":\"Soci\u00e9t\u00e9 TRADER\",\"description\":\"\",\"publisher\":{\"@id\":\"https:\\\/\\\/tradercorporation.com\\\/#organization\"},\"potentialAction\":[{\"@type\":\"SearchAction\",\"target\":{\"@type\":\"EntryPoint\",\"urlTemplate\":\"https:\\\/\\\/tradercorporation.com\\\/?s={search_term_string}\"},\"query-input\":{\"@type\":\"PropertyValueSpecification\",\"valueRequired\":true,\"valueName\":\"search_term_string\"}}],\"inLanguage\":\"fr-FR\"},{\"@type\":\"Organization\",\"@id\":\"https:\\\/\\\/tradercorporation.com\\\/#organization\",\"name\":\"Soci\u00e9t\u00e9 TRADER\",\"url\":\"https:\\\/\\\/tradercorporation.com\\\/\",\"logo\":{\"@type\":\"ImageObject\",\"inLanguage\":\"fr-FR\",\"@id\":\"https:\\\/\\\/tradercorporation.com\\\/#\\\/schema\\\/logo\\\/image\\\/\",\"url\":\"https:\\\/\\\/tradercorporation.com\\\/wp-content\\\/uploads\\\/2023\\\/10\\\/Trader_site-image.png\",\"contentUrl\":\"https:\\\/\\\/tradercorporation.com\\\/wp-content\\\/uploads\\\/2023\\\/10\\\/Trader_site-image.png\",\"width\":1200,\"height\":675,\"caption\":\"Soci\u00e9t\u00e9 TRADER\"},\"image\":{\"@id\":\"https:\\\/\\\/tradercorporation.com\\\/#\\\/schema\\\/logo\\\/image\\\/\"}}]}<\/script>\n<!-- \/ Yoast SEO plugin. -->","yoast_head_json":{"title":"AutoSync - Soci\u00e9t\u00e9 TRADER","robots":{"index":"index","follow":"follow","max-snippet":"max-snippet:-1","max-image-preview":"max-image-preview:large","max-video-preview":"max-video-preview:-1"},"canonical":"https:\/\/tradercorporation.com\/our-brands\/dealer-software\/autosync\/","og_locale":"fr_FR","og_type":"article","og_title":"AutoSync - Soci\u00e9t\u00e9 TRADER","og_description":"AutoSync L\u2019entonnoir de vente moderne r\u00eav\u00e9 par les concessionnaires et marchands automobiles AutoSync propose une suite de logiciels automobiles int\u00e9gr\u00e9s de premier ordre, qui contribue \u00e0 l\u2019excellence de vos efforts publicitaires, de conversion et op\u00e9rationnels dans le but de vous apporter des r\u00e9sultats incomparables. Nous concevons des solutions flexibles (non exclusives \u00e0 une plateforme publicitaire [&hellip;]","og_url":"https:\/\/tradercorporation.com\/our-brands\/dealer-software\/autosync\/","og_site_name":"Soci\u00e9t\u00e9 TRADER","article_modified_time":"2023-09-26T20:28:23+00:00","og_image":[{"width":1200,"height":675,"url":"https:\/\/tradercorporation.com\/wp-content\/uploads\/2023\/10\/Trader_site-image.png","type":"image\/png"}],"twitter_card":"summary_large_image","twitter_misc":{"Dur\u00e9e de lecture estim\u00e9e":"1 minute"},"schema":{"@context":"https:\/\/schema.org","@graph":[{"@type":"WebPage","@id":"https:\/\/tradercorporation.com\/our-brands\/dealer-software\/autosync\/","url":"https:\/\/tradercorporation.com\/our-brands\/dealer-software\/autosync\/","name":"AutoSync - Soci\u00e9t\u00e9 TRADER","isPartOf":{"@id":"https:\/\/tradercorporation.com\/#website"},"datePublished":"2023-08-10T17:51:29+00:00","dateModified":"2023-09-26T20:28:23+00:00","breadcrumb":{"@id":"https:\/\/tradercorporation.com\/our-brands\/dealer-software\/autosync\/#breadcrumb"},"inLanguage":"fr-FR","potentialAction":[{"@type":"ReadAction","target":["https:\/\/tradercorporation.com\/our-brands\/dealer-software\/autosync\/"]}]},{"@type":"BreadcrumbList","@id":"https:\/\/tradercorporation.com\/our-brands\/dealer-software\/autosync\/#breadcrumb","itemListElement":[{"@type":"ListItem","position":1,"name":"Home","item":"https:\/\/tradercorporation.com\/"},{"@type":"ListItem","position":2,"name":"Nos marques","item":"https:\/\/tradercorporation.com\/our-brands\/"},{"@type":"ListItem","position":3,"name":"Logiciels pour commer\u00e7ants automobiles","item":"https:\/\/tradercorporation.com\/our-brands\/dealer-software\/"},{"@type":"ListItem","position":4,"name":"AutoSync"}]},{"@type":"WebSite","@id":"https:\/\/tradercorporation.com\/#website","url":"https:\/\/tradercorporation.com\/","name":"Soci\u00e9t\u00e9 TRADER","description":"","publisher":{"@id":"https:\/\/tradercorporation.com\/#organization"},"potentialAction":[{"@type":"SearchAction","target":{"@type":"EntryPoint","urlTemplate":"https:\/\/tradercorporation.com\/?s={search_term_string}"},"query-input":{"@type":"PropertyValueSpecification","valueRequired":true,"valueName":"search_term_string"}}],"inLanguage":"fr-FR"},{"@type":"Organization","@id":"https:\/\/tradercorporation.com\/#organization","name":"Soci\u00e9t\u00e9 TRADER","url":"https:\/\/tradercorporation.com\/","logo":{"@type":"ImageObject","inLanguage":"fr-FR","@id":"https:\/\/tradercorporation.com\/#\/schema\/logo\/image\/","url":"https:\/\/tradercorporation.com\/wp-content\/uploads\/2023\/10\/Trader_site-image.png","contentUrl":"https:\/\/tradercorporation.com\/wp-content\/uploads\/2023\/10\/Trader_site-image.png","width":1200,"height":675,"caption":"Soci\u00e9t\u00e9 TRADER"},"image":{"@id":"https:\/\/tradercorporation.com\/#\/schema\/logo\/image\/"}}]}},"_links":{"self":[{"href":"https:\/\/tradercorporation.com\/fr\/wp-json\/wp\/v2\/pages\/3173","targetHints":{"allow":["GET"]}}],"collection":[{"href":"https:\/\/tradercorporation.com\/fr\/wp-json\/wp\/v2\/pages"}],"about":[{"href":"https:\/\/tradercorporation.com\/fr\/wp-json\/wp\/v2\/types\/page"}],"author":[{"embeddable":true,"href":"https:\/\/tradercorporation.com\/fr\/wp-json\/wp\/v2\/users\/2"}],"replies":[{"embeddable":true,"href":"https:\/\/tradercorporation.com\/fr\/wp-json\/wp\/v2\/comments?post=3173"}],"version-history":[{"count":0,"href":"https:\/\/tradercorporation.com\/fr\/wp-json\/wp\/v2\/pages\/3173\/revisions"}],"up":[{"embeddable":true,"href":"https:\/\/tradercorporation.com\/fr\/wp-json\/wp\/v2\/pages\/3175"}],"wp:attachment":[{"href":"https:\/\/tradercorporation.com\/fr\/wp-json\/wp\/v2\/media?parent=3173"}],"curies":[{"name":"wp","href":"https:\/\/api.w.org\/{rel}","templated":true}]}}