{"id":3175,"date":"2023-08-10T17:47:31","date_gmt":"2023-08-10T17:47:31","guid":{"rendered":"https:\/\/tdrcorpprd.wpengine.com\/dealer-software\/"},"modified":"2023-09-27T15:37:47","modified_gmt":"2023-09-27T15:37:47","slug":"logiciels-pour-commercants-automobiles","status":"publish","type":"page","link":"https:\/\/tradercorporation.com\/fr\/nos-marques\/logiciels-pour-commercants-automobiles\/","title":{"rendered":"Logiciels pour commer\u00e7ants automobiles"},"content":{"rendered":"\t\t<div data-elementor-type=\"wp-page\" data-elementor-id=\"3175\" class=\"elementor elementor-3175 elementor-1732\" data-elementor-post-type=\"page\">\n\t\t\t\t<div class=\"elementor-element elementor-element-225994e e-con-full e-flex e-con e-parent\" data-id=\"225994e\" data-element_type=\"container\" data-e-type=\"container\" data-settings=\"{&quot;background_background&quot;:&quot;classic&quot;}\">\n\t\t<div class=\"elementor-element elementor-element-3ba43b2 e-flex e-con-boxed e-con e-child\" data-id=\"3ba43b2\" data-element_type=\"container\" data-e-type=\"container\">\n\t\t\t\t\t<div class=\"e-con-inner\">\n\t\t\t\t<div class=\"elementor-element elementor-element-2436507 elementor-widget elementor-widget-heading\" data-id=\"2436507\" data-element_type=\"widget\" data-e-type=\"widget\" data-widget_type=\"heading.default\">\n\t\t\t\t<div class=\"elementor-widget-container\">\n\t\t\t\t\t<h1 class=\"elementor-heading-title elementor-size-default\">Logiciels pour commer\u00e7ants automobiles<\/h1>\t\t\t\t<\/div>\n\t\t\t\t<\/div>\n\t\t\t\t\t<\/div>\n\t\t\t\t<\/div>\n\t\t\t\t<\/div>\n\t\t<div class=\"elementor-element elementor-element-7cd216d e-flex e-con-boxed e-con e-parent\" data-id=\"7cd216d\" data-element_type=\"container\" data-e-type=\"container\">\n\t\t\t\t\t<div class=\"e-con-inner\">\n\t\t<div class=\"elementor-element elementor-element-5555363 e-flex e-con-boxed e-con e-child\" data-id=\"5555363\" data-element_type=\"container\" data-e-type=\"container\" data-settings=\"{&quot;background_background&quot;:&quot;classic&quot;}\">\n\t\t\t\t\t<div class=\"e-con-inner\">\n\t\t<div class=\"elementor-element elementor-element-6d1f16c e-flex e-con-boxed e-con e-child\" data-id=\"6d1f16c\" data-element_type=\"container\" data-e-type=\"container\">\n\t\t\t\t\t<div class=\"e-con-inner\">\n\t\t\t\t<div class=\"elementor-element elementor-element-66c3729 elementor-widget elementor-widget-heading\" data-id=\"66c3729\" data-element_type=\"widget\" data-e-type=\"widget\" data-widget_type=\"heading.default\">\n\t\t\t\t<div class=\"elementor-widget-container\">\n\t\t\t\t\t<h3 class=\"elementor-heading-title elementor-size-default\">Optimisez vos op\u00e9rations internes avec des outils num\u00e9riques qui s\u2019adaptent \u00e0 votre r\u00e9alit\u00e9<\/h3>\t\t\t\t<\/div>\n\t\t\t\t<\/div>\n\t\t\t\t<div class=\"elementor-element elementor-element-112d0a6 elementor-widget elementor-widget-text-editor\" data-id=\"112d0a6\" data-element_type=\"widget\" data-e-type=\"widget\" data-widget_type=\"text-editor.default\">\n\t\t\t\t<div class=\"elementor-widget-container\">\n\t\t\t\t\t\t\t\t\t<p>Avec AutoSync, notre suite logicielle compl\u00e8te d\u2019aide \u00e0 la vente et \u00e0 la gestion automobile, les concessionnaires et constructeurs haussent l\u2019efficacit\u00e9 de leurs efforts de vente, de leurs processus internes et surtout, de leur rentabilit\u00e9. AutoSync propose ses outils en version autonome ou agenc\u00e9s en suite logicielle int\u00e9gr\u00e9e qui couvre tous les aspects de la gestion d\u2019un commerce automobile: marketing num\u00e9rique, sites Web, syst\u00e8me de vente au d\u00e9tail \u00e0 la fine pointe, outil d\u2019aide \u00e0 la n\u00e9gociation, CRM, gestion d\u2019inventaire et des d\u00e9partements \u00ab op\u00e9rations fixes \u00bb. Cliquez ci-dessous pour jeter un coup d\u2019oeil \u00e0 l\u2019ensemble des solutions AutoSync.<\/p>\t\t\t\t\t\t\t\t<\/div>\n\t\t\t\t<\/div>\n\t\t\t\t\t<\/div>\n\t\t\t\t<\/div>\n\t\t<div class=\"elementor-element elementor-element-d76c936 e-con-full e-flex e-con e-child\" data-id=\"d76c936\" data-element_type=\"container\" data-e-type=\"container\">\n\t\t\t\t<div class=\"elementor-element elementor-element-6702d89 elementor-widget elementor-widget-button\" data-id=\"6702d89\" data-element_type=\"widget\" data-e-type=\"widget\" data-widget_type=\"button.default\">\n\t\t\t\t<div class=\"elementor-widget-container\">\n\t\t\t\t\t\t\t\t\t<div class=\"elementor-button-wrapper\">\n\t\t\t\t\t<a class=\"elementor-button elementor-button-link elementor-size-md\" href=\"\/fr\/nos-marques\/logiciels-pour-commercants-automobiles\/autosync\/\">\n\t\t\t\t\t\t<span class=\"elementor-button-content-wrapper\">\n\t\t\t\t\t\t\t\t\t<span class=\"elementor-button-text\">D\u00e9couvrir AutoSync<\/span>\n\t\t\t\t\t<\/span>\n\t\t\t\t\t<\/a>\n\t\t\t\t<\/div>\n\t\t\t\t\t\t\t\t<\/div>\n\t\t\t\t<\/div>\n\t\t\t\t<\/div>\n\t\t\t\t\t<\/div>\n\t\t\t\t<\/div>\n\t\t\t\t\t<\/div>\n\t\t\t\t<\/div>\n\t\t\t\t<\/div>\n\t\t","protected":false},"excerpt":{"rendered":"<p>Logiciels pour commer\u00e7ants automobiles Optimisez vos op\u00e9rations internes avec des outils num\u00e9riques qui s\u2019adaptent \u00e0 votre r\u00e9alit\u00e9 Avec AutoSync, notre suite logicielle compl\u00e8te d\u2019aide \u00e0 la vente et \u00e0 la gestion automobile, les concessionnaires et constructeurs haussent l\u2019efficacit\u00e9 de leurs efforts de vente, de leurs processus internes et surtout, de leur rentabilit\u00e9. AutoSync propose ses [&hellip;]<\/p>\n","protected":false},"author":2,"featured_media":0,"parent":3229,"menu_order":0,"comment_status":"closed","ping_status":"closed","template":"elementor_header_footer","meta":{"inline_featured_image":false,"footnotes":""},"class_list":["post-3175","page","type-page","status-publish","hentry"],"yoast_head":"<!-- This site is optimized with the Yoast SEO plugin v27.3 - https:\/\/yoast.com\/product\/yoast-seo-wordpress\/ -->\n<title>Logiciels pour commer\u00e7ants automobiles - Soci\u00e9t\u00e9 TRADER<\/title>\n<meta name=\"robots\" content=\"index, follow, max-snippet:-1, max-image-preview:large, max-video-preview:-1\" \/>\n<link rel=\"canonical\" href=\"https:\/\/tradercorporation.com\/our-brands\/dealer-software\/\" \/>\n<meta property=\"og:locale\" content=\"fr_FR\" \/>\n<meta property=\"og:type\" content=\"article\" \/>\n<meta property=\"og:title\" content=\"Logiciels pour commer\u00e7ants automobiles - Soci\u00e9t\u00e9 TRADER\" \/>\n<meta property=\"og:description\" content=\"Logiciels pour commer\u00e7ants automobiles Optimisez vos op\u00e9rations internes avec des outils num\u00e9riques qui s\u2019adaptent \u00e0 votre r\u00e9alit\u00e9 Avec AutoSync, notre suite logicielle compl\u00e8te d\u2019aide \u00e0 la vente et \u00e0 la gestion automobile, les concessionnaires et constructeurs haussent l\u2019efficacit\u00e9 de leurs efforts de vente, de leurs processus internes et surtout, de leur rentabilit\u00e9. AutoSync propose ses [&hellip;]\" \/>\n<meta property=\"og:url\" content=\"https:\/\/tradercorporation.com\/our-brands\/dealer-software\/\" \/>\n<meta property=\"og:site_name\" content=\"Soci\u00e9t\u00e9 TRADER\" \/>\n<meta property=\"article:modified_time\" content=\"2023-09-27T15:37:47+00:00\" \/>\n<meta property=\"og:image\" content=\"https:\/\/tradercorporation.com\/wp-content\/uploads\/2023\/10\/Trader_site-image.png\" \/>\n\t<meta property=\"og:image:width\" content=\"1200\" \/>\n\t<meta property=\"og:image:height\" content=\"675\" \/>\n\t<meta property=\"og:image:type\" content=\"image\/png\" \/>\n<meta name=\"twitter:card\" content=\"summary_large_image\" \/>\n<meta name=\"twitter:label1\" content=\"Dur\u00e9e de lecture estim\u00e9e\" \/>\n\t<meta name=\"twitter:data1\" content=\"1 minute\" \/>\n<script type=\"application\/ld+json\" class=\"yoast-schema-graph\">{\"@context\":\"https:\\\/\\\/schema.org\",\"@graph\":[{\"@type\":\"WebPage\",\"@id\":\"https:\\\/\\\/tradercorporation.com\\\/our-brands\\\/dealer-software\\\/\",\"url\":\"https:\\\/\\\/tradercorporation.com\\\/our-brands\\\/dealer-software\\\/\",\"name\":\"Logiciels pour commer\u00e7ants automobiles - Soci\u00e9t\u00e9 TRADER\",\"isPartOf\":{\"@id\":\"https:\\\/\\\/tradercorporation.com\\\/#website\"},\"datePublished\":\"2023-08-10T17:47:31+00:00\",\"dateModified\":\"2023-09-27T15:37:47+00:00\",\"breadcrumb\":{\"@id\":\"https:\\\/\\\/tradercorporation.com\\\/our-brands\\\/dealer-software\\\/#breadcrumb\"},\"inLanguage\":\"fr-FR\",\"potentialAction\":[{\"@type\":\"ReadAction\",\"target\":[\"https:\\\/\\\/tradercorporation.com\\\/our-brands\\\/dealer-software\\\/\"]}]},{\"@type\":\"BreadcrumbList\",\"@id\":\"https:\\\/\\\/tradercorporation.com\\\/our-brands\\\/dealer-software\\\/#breadcrumb\",\"itemListElement\":[{\"@type\":\"ListItem\",\"position\":1,\"name\":\"Home\",\"item\":\"https:\\\/\\\/tradercorporation.com\\\/\"},{\"@type\":\"ListItem\",\"position\":2,\"name\":\"Nos marques\",\"item\":\"https:\\\/\\\/tradercorporation.com\\\/our-brands\\\/\"},{\"@type\":\"ListItem\",\"position\":3,\"name\":\"Logiciels pour commer\u00e7ants automobiles\"}]},{\"@type\":\"WebSite\",\"@id\":\"https:\\\/\\\/tradercorporation.com\\\/#website\",\"url\":\"https:\\\/\\\/tradercorporation.com\\\/\",\"name\":\"Soci\u00e9t\u00e9 TRADER\",\"description\":\"\",\"publisher\":{\"@id\":\"https:\\\/\\\/tradercorporation.com\\\/#organization\"},\"potentialAction\":[{\"@type\":\"SearchAction\",\"target\":{\"@type\":\"EntryPoint\",\"urlTemplate\":\"https:\\\/\\\/tradercorporation.com\\\/?s={search_term_string}\"},\"query-input\":{\"@type\":\"PropertyValueSpecification\",\"valueRequired\":true,\"valueName\":\"search_term_string\"}}],\"inLanguage\":\"fr-FR\"},{\"@type\":\"Organization\",\"@id\":\"https:\\\/\\\/tradercorporation.com\\\/#organization\",\"name\":\"Soci\u00e9t\u00e9 TRADER\",\"url\":\"https:\\\/\\\/tradercorporation.com\\\/\",\"logo\":{\"@type\":\"ImageObject\",\"inLanguage\":\"fr-FR\",\"@id\":\"https:\\\/\\\/tradercorporation.com\\\/#\\\/schema\\\/logo\\\/image\\\/\",\"url\":\"https:\\\/\\\/tradercorporation.com\\\/wp-content\\\/uploads\\\/2023\\\/10\\\/Trader_site-image.png\",\"contentUrl\":\"https:\\\/\\\/tradercorporation.com\\\/wp-content\\\/uploads\\\/2023\\\/10\\\/Trader_site-image.png\",\"width\":1200,\"height\":675,\"caption\":\"Soci\u00e9t\u00e9 TRADER\"},\"image\":{\"@id\":\"https:\\\/\\\/tradercorporation.com\\\/#\\\/schema\\\/logo\\\/image\\\/\"}}]}<\/script>\n<!-- \/ Yoast SEO plugin. -->","yoast_head_json":{"title":"Logiciels pour commer\u00e7ants automobiles - Soci\u00e9t\u00e9 TRADER","robots":{"index":"index","follow":"follow","max-snippet":"max-snippet:-1","max-image-preview":"max-image-preview:large","max-video-preview":"max-video-preview:-1"},"canonical":"https:\/\/tradercorporation.com\/our-brands\/dealer-software\/","og_locale":"fr_FR","og_type":"article","og_title":"Logiciels pour commer\u00e7ants automobiles - Soci\u00e9t\u00e9 TRADER","og_description":"Logiciels pour commer\u00e7ants automobiles Optimisez vos op\u00e9rations internes avec des outils num\u00e9riques qui s\u2019adaptent \u00e0 votre r\u00e9alit\u00e9 Avec AutoSync, notre suite logicielle compl\u00e8te d\u2019aide \u00e0 la vente et \u00e0 la gestion automobile, les concessionnaires et constructeurs haussent l\u2019efficacit\u00e9 de leurs efforts de vente, de leurs processus internes et surtout, de leur rentabilit\u00e9. AutoSync propose ses [&hellip;]","og_url":"https:\/\/tradercorporation.com\/our-brands\/dealer-software\/","og_site_name":"Soci\u00e9t\u00e9 TRADER","article_modified_time":"2023-09-27T15:37:47+00:00","og_image":[{"width":1200,"height":675,"url":"https:\/\/tradercorporation.com\/wp-content\/uploads\/2023\/10\/Trader_site-image.png","type":"image\/png"}],"twitter_card":"summary_large_image","twitter_misc":{"Dur\u00e9e de lecture estim\u00e9e":"1 minute"},"schema":{"@context":"https:\/\/schema.org","@graph":[{"@type":"WebPage","@id":"https:\/\/tradercorporation.com\/our-brands\/dealer-software\/","url":"https:\/\/tradercorporation.com\/our-brands\/dealer-software\/","name":"Logiciels pour commer\u00e7ants automobiles - Soci\u00e9t\u00e9 TRADER","isPartOf":{"@id":"https:\/\/tradercorporation.com\/#website"},"datePublished":"2023-08-10T17:47:31+00:00","dateModified":"2023-09-27T15:37:47+00:00","breadcrumb":{"@id":"https:\/\/tradercorporation.com\/our-brands\/dealer-software\/#breadcrumb"},"inLanguage":"fr-FR","potentialAction":[{"@type":"ReadAction","target":["https:\/\/tradercorporation.com\/our-brands\/dealer-software\/"]}]},{"@type":"BreadcrumbList","@id":"https:\/\/tradercorporation.com\/our-brands\/dealer-software\/#breadcrumb","itemListElement":[{"@type":"ListItem","position":1,"name":"Home","item":"https:\/\/tradercorporation.com\/"},{"@type":"ListItem","position":2,"name":"Nos marques","item":"https:\/\/tradercorporation.com\/our-brands\/"},{"@type":"ListItem","position":3,"name":"Logiciels pour commer\u00e7ants automobiles"}]},{"@type":"WebSite","@id":"https:\/\/tradercorporation.com\/#website","url":"https:\/\/tradercorporation.com\/","name":"Soci\u00e9t\u00e9 TRADER","description":"","publisher":{"@id":"https:\/\/tradercorporation.com\/#organization"},"potentialAction":[{"@type":"SearchAction","target":{"@type":"EntryPoint","urlTemplate":"https:\/\/tradercorporation.com\/?s={search_term_string}"},"query-input":{"@type":"PropertyValueSpecification","valueRequired":true,"valueName":"search_term_string"}}],"inLanguage":"fr-FR"},{"@type":"Organization","@id":"https:\/\/tradercorporation.com\/#organization","name":"Soci\u00e9t\u00e9 TRADER","url":"https:\/\/tradercorporation.com\/","logo":{"@type":"ImageObject","inLanguage":"fr-FR","@id":"https:\/\/tradercorporation.com\/#\/schema\/logo\/image\/","url":"https:\/\/tradercorporation.com\/wp-content\/uploads\/2023\/10\/Trader_site-image.png","contentUrl":"https:\/\/tradercorporation.com\/wp-content\/uploads\/2023\/10\/Trader_site-image.png","width":1200,"height":675,"caption":"Soci\u00e9t\u00e9 TRADER"},"image":{"@id":"https:\/\/tradercorporation.com\/#\/schema\/logo\/image\/"}}]}},"_links":{"self":[{"href":"https:\/\/tradercorporation.com\/fr\/wp-json\/wp\/v2\/pages\/3175","targetHints":{"allow":["GET"]}}],"collection":[{"href":"https:\/\/tradercorporation.com\/fr\/wp-json\/wp\/v2\/pages"}],"about":[{"href":"https:\/\/tradercorporation.com\/fr\/wp-json\/wp\/v2\/types\/page"}],"author":[{"embeddable":true,"href":"https:\/\/tradercorporation.com\/fr\/wp-json\/wp\/v2\/users\/2"}],"replies":[{"embeddable":true,"href":"https:\/\/tradercorporation.com\/fr\/wp-json\/wp\/v2\/comments?post=3175"}],"version-history":[{"count":0,"href":"https:\/\/tradercorporation.com\/fr\/wp-json\/wp\/v2\/pages\/3175\/revisions"}],"up":[{"embeddable":true,"href":"https:\/\/tradercorporation.com\/fr\/wp-json\/wp\/v2\/pages\/3229"}],"wp:attachment":[{"href":"https:\/\/tradercorporation.com\/fr\/wp-json\/wp\/v2\/media?parent=3175"}],"curies":[{"name":"wp","href":"https:\/\/api.w.org\/{rel}","templated":true}]}}