{"id":3217,"date":"2023-07-27T19:14:06","date_gmt":"2023-07-27T23:14:06","guid":{"rendered":"https:\/\/tdrcorpprd.wpengine.com\/cookies-policy\/"},"modified":"2025-09-12T10:59:35","modified_gmt":"2025-09-12T14:59:35","slug":"politique-cookies","status":"publish","type":"page","link":"https:\/\/tradercorporation.com\/fr\/politique-cookies\/","title":{"rendered":"Politique cookies"},"content":{"rendered":"\t\t<div data-elementor-type=\"wp-page\" data-elementor-id=\"3217\" class=\"elementor elementor-3217 elementor-1589\" data-elementor-post-type=\"page\">\n\t\t\t\t<div class=\"elementor-element elementor-element-2439297 e-con-full e-flex e-con e-parent\" data-id=\"2439297\" data-element_type=\"container\" data-e-type=\"container\" data-settings=\"{&quot;background_background&quot;:&quot;classic&quot;}\">\n\t\t<div class=\"elementor-element elementor-element-d9f8f03 e-flex e-con-boxed e-con e-child\" data-id=\"d9f8f03\" data-element_type=\"container\" data-e-type=\"container\">\n\t\t\t\t\t<div class=\"e-con-inner\">\n\t\t\t\t<div class=\"elementor-element elementor-element-9121f8d elementor-widget elementor-widget-heading\" data-id=\"9121f8d\" data-element_type=\"widget\" data-e-type=\"widget\" data-widget_type=\"heading.default\">\n\t\t\t\t<div class=\"elementor-widget-container\">\n\t\t\t\t\t<h1 class=\"elementor-heading-title elementor-size-default\">Politique sur les cookies<\/h1>\t\t\t\t<\/div>\n\t\t\t\t<\/div>\n\t\t\t\t\t<\/div>\n\t\t\t\t<\/div>\n\t\t\t\t<\/div>\n\t\t<div class=\"elementor-element elementor-element-1227a8e e-flex e-con-boxed e-con e-parent\" data-id=\"1227a8e\" data-element_type=\"container\" data-e-type=\"container\">\n\t\t\t\t\t<div class=\"e-con-inner\">\n\t\t<div class=\"elementor-element elementor-element-8294a4c e-flex e-con-boxed e-con e-child\" data-id=\"8294a4c\" data-element_type=\"container\" data-e-type=\"container\" data-settings=\"{&quot;background_background&quot;:&quot;classic&quot;}\">\n\t\t\t\t\t<div class=\"e-con-inner\">\n\t\t<div class=\"elementor-element elementor-element-e9dd5af e-flex e-con-boxed e-con e-child\" data-id=\"e9dd5af\" data-element_type=\"container\" data-e-type=\"container\">\n\t\t\t\t\t<div class=\"e-con-inner\">\n\t\t\t\t<div class=\"elementor-element elementor-element-c17e035 elementor-widget elementor-widget-heading\" data-id=\"c17e035\" data-element_type=\"widget\" data-e-type=\"widget\" data-widget_type=\"heading.default\">\n\t\t\t\t<div class=\"elementor-widget-container\">\n\t\t\t\t\t<h3 class=\"elementor-heading-title elementor-size-default\">DONN\u00c9ES DE SUIVI ET COOKIES<\/h3>\t\t\t\t<\/div>\n\t\t\t\t<\/div>\n\t\t\t\t<div class=\"elementor-element elementor-element-3b98aa2 elementor-widget elementor-widget-text-editor\" data-id=\"3b98aa2\" data-element_type=\"widget\" data-e-type=\"widget\" data-widget_type=\"text-editor.default\">\n\t\t\t\t<div class=\"elementor-widget-container\">\n\t\t\t\t\t\t\t\t\t<p>Afin de personnaliser votre exp\u00e9rience, nous utilisons des technologies et des outils de suivi sur nos sites Web et applications. Par exemple, nous utilisons des t\u00e9moins, c\u2019est-\u00e0-dire des t\u00e9moins d\u2019identification envoy\u00e9s par un serveur Web et stock\u00e9s sur votre appareil pour identifier votre navigateur et enregistrer des renseignements ou des param\u00e8tres dans votre navigateur. De m\u00eame, nous utilisons des pixels, des balises et d\u2019autres technologies (\u00ab Outils Web \u00bb).<\/p><p><strong>Outils Web essentiels<\/strong> \u2013 Nous utilisons des outils Web essentiels pour vous proposer certaines fonctionnalit\u00e9s sur nos Sites Web, pour garantir la s\u00e9curit\u00e9 de votre exp\u00e9rience de navigation en ligne, pour d\u00e9tecter ou pr\u00e9venir la fraude et enqu\u00eater, ainsi que pour recueillir des renseignements associ\u00e9s \u00e0 votre utilisation de nos sites Web.<\/p><p><strong>Outils Web non essentiels<\/strong> \u2013 Nous utilisons \u00e9galement des outils Web non essentiels pour am\u00e9liorer votre exp\u00e9rience en vous pr\u00e9sentant du contenu personnalis\u00e9. Par exemple, enregistrer votre pr\u00e9f\u00e9rence de langue de navigation et d\u2019autres pr\u00e9f\u00e9rences semblables pour vous pr\u00e9senter des offres susceptibles de vous int\u00e9resser. Ces outils permettent \u00e9galement \u00e0 nos annonceurs tiers de personnaliser votre exp\u00e9rience en ligne et de vous pr\u00e9senter des annonces en fonction de vos int\u00e9r\u00eats.<\/p><p><strong>Renseignements personnels agr\u00e9g\u00e9s<\/strong> \u2013 Nous pouvons regrouper vos renseignements personnels concernant votre utilisation de nos sites Web, d\u2019autres sites Web, vos appareils et applications mobiles avec les renseignements personnels d\u2019autres personnes, ou provenant de nos soci\u00e9t\u00e9s affili\u00e9es et d\u2019autres sources. Nous utilisons ces renseignements sous une forme anonymis\u00e9s, ce qui signifie qu\u2019ils ne permettent pas de vous identifier.<\/p>\t\t\t\t\t\t\t\t<\/div>\n\t\t\t\t<\/div>\n\t\t\t\t\t<\/div>\n\t\t\t\t<\/div>\n\t\t\t\t\t<\/div>\n\t\t\t\t<\/div>\n\t\t\t\t\t<\/div>\n\t\t\t\t<\/div>\n\t\t\t\t<\/div>\n\t\t","protected":false},"excerpt":{"rendered":"<p>Politique sur les cookies DONN\u00c9ES DE SUIVI ET COOKIES Afin de personnaliser votre exp\u00e9rience, nous utilisons des technologies et des outils de suivi sur nos sites Web et applications. Par exemple, nous utilisons des t\u00e9moins, c\u2019est-\u00e0-dire des t\u00e9moins d\u2019identification envoy\u00e9s par un serveur Web et stock\u00e9s sur votre appareil pour identifier votre navigateur et enregistrer [&hellip;]<\/p>\n","protected":false},"author":2,"featured_media":0,"parent":0,"menu_order":0,"comment_status":"closed","ping_status":"closed","template":"elementor_header_footer","meta":{"inline_featured_image":false,"footnotes":""},"class_list":["post-3217","page","type-page","status-publish","hentry"],"yoast_head":"<!-- This site is optimized with the Yoast SEO plugin v27.3 - https:\/\/yoast.com\/product\/yoast-seo-wordpress\/ -->\n<title>Politique cookies - Soci\u00e9t\u00e9 TRADER<\/title>\n<meta name=\"robots\" content=\"index, follow, max-snippet:-1, max-image-preview:large, max-video-preview:-1\" \/>\n<link rel=\"canonical\" href=\"https:\/\/tradercorporation.com\/cookies-policy\/\" \/>\n<meta property=\"og:locale\" content=\"fr_FR\" \/>\n<meta property=\"og:type\" content=\"article\" \/>\n<meta property=\"og:title\" content=\"Politique cookies - Soci\u00e9t\u00e9 TRADER\" \/>\n<meta property=\"og:description\" content=\"Politique sur les cookies DONN\u00c9ES DE SUIVI ET COOKIES Afin de personnaliser votre exp\u00e9rience, nous utilisons des technologies et des outils de suivi sur nos sites Web et applications. Par exemple, nous utilisons des t\u00e9moins, c\u2019est-\u00e0-dire des t\u00e9moins d\u2019identification envoy\u00e9s par un serveur Web et stock\u00e9s sur votre appareil pour identifier votre navigateur et enregistrer [&hellip;]\" \/>\n<meta property=\"og:url\" content=\"https:\/\/tradercorporation.com\/cookies-policy\/\" \/>\n<meta property=\"og:site_name\" content=\"Soci\u00e9t\u00e9 TRADER\" \/>\n<meta property=\"article:modified_time\" content=\"2025-09-12T14:59:35+00:00\" \/>\n<meta property=\"og:image\" content=\"https:\/\/tradercorporation.com\/wp-content\/uploads\/2023\/10\/Trader_site-image.png\" \/>\n\t<meta property=\"og:image:width\" content=\"1200\" \/>\n\t<meta property=\"og:image:height\" content=\"675\" \/>\n\t<meta property=\"og:image:type\" content=\"image\/png\" \/>\n<meta name=\"twitter:card\" content=\"summary_large_image\" \/>\n<meta name=\"twitter:label1\" content=\"Dur\u00e9e de lecture estim\u00e9e\" \/>\n\t<meta name=\"twitter:data1\" content=\"2 minutes\" \/>\n<script type=\"application\/ld+json\" class=\"yoast-schema-graph\">{\"@context\":\"https:\\\/\\\/schema.org\",\"@graph\":[{\"@type\":\"WebPage\",\"@id\":\"https:\\\/\\\/tradercorporation.com\\\/cookies-policy\\\/\",\"url\":\"https:\\\/\\\/tradercorporation.com\\\/cookies-policy\\\/\",\"name\":\"Politique cookies - Soci\u00e9t\u00e9 TRADER\",\"isPartOf\":{\"@id\":\"https:\\\/\\\/tradercorporation.com\\\/#website\"},\"datePublished\":\"2023-07-27T23:14:06+00:00\",\"dateModified\":\"2025-09-12T14:59:35+00:00\",\"breadcrumb\":{\"@id\":\"https:\\\/\\\/tradercorporation.com\\\/cookies-policy\\\/#breadcrumb\"},\"inLanguage\":\"fr-FR\",\"potentialAction\":[{\"@type\":\"ReadAction\",\"target\":[\"https:\\\/\\\/tradercorporation.com\\\/cookies-policy\\\/\"]}]},{\"@type\":\"BreadcrumbList\",\"@id\":\"https:\\\/\\\/tradercorporation.com\\\/cookies-policy\\\/#breadcrumb\",\"itemListElement\":[{\"@type\":\"ListItem\",\"position\":1,\"name\":\"Home\",\"item\":\"https:\\\/\\\/tradercorporation.com\\\/\"},{\"@type\":\"ListItem\",\"position\":2,\"name\":\"Politique cookies\"}]},{\"@type\":\"WebSite\",\"@id\":\"https:\\\/\\\/tradercorporation.com\\\/#website\",\"url\":\"https:\\\/\\\/tradercorporation.com\\\/\",\"name\":\"Soci\u00e9t\u00e9 TRADER\",\"description\":\"\",\"publisher\":{\"@id\":\"https:\\\/\\\/tradercorporation.com\\\/#organization\"},\"potentialAction\":[{\"@type\":\"SearchAction\",\"target\":{\"@type\":\"EntryPoint\",\"urlTemplate\":\"https:\\\/\\\/tradercorporation.com\\\/?s={search_term_string}\"},\"query-input\":{\"@type\":\"PropertyValueSpecification\",\"valueRequired\":true,\"valueName\":\"search_term_string\"}}],\"inLanguage\":\"fr-FR\"},{\"@type\":\"Organization\",\"@id\":\"https:\\\/\\\/tradercorporation.com\\\/#organization\",\"name\":\"Soci\u00e9t\u00e9 TRADER\",\"url\":\"https:\\\/\\\/tradercorporation.com\\\/\",\"logo\":{\"@type\":\"ImageObject\",\"inLanguage\":\"fr-FR\",\"@id\":\"https:\\\/\\\/tradercorporation.com\\\/#\\\/schema\\\/logo\\\/image\\\/\",\"url\":\"https:\\\/\\\/tradercorporation.com\\\/wp-content\\\/uploads\\\/2023\\\/10\\\/Trader_site-image.png\",\"contentUrl\":\"https:\\\/\\\/tradercorporation.com\\\/wp-content\\\/uploads\\\/2023\\\/10\\\/Trader_site-image.png\",\"width\":1200,\"height\":675,\"caption\":\"Soci\u00e9t\u00e9 TRADER\"},\"image\":{\"@id\":\"https:\\\/\\\/tradercorporation.com\\\/#\\\/schema\\\/logo\\\/image\\\/\"}}]}<\/script>\n<!-- \/ Yoast SEO plugin. -->","yoast_head_json":{"title":"Politique cookies - Soci\u00e9t\u00e9 TRADER","robots":{"index":"index","follow":"follow","max-snippet":"max-snippet:-1","max-image-preview":"max-image-preview:large","max-video-preview":"max-video-preview:-1"},"canonical":"https:\/\/tradercorporation.com\/cookies-policy\/","og_locale":"fr_FR","og_type":"article","og_title":"Politique cookies - Soci\u00e9t\u00e9 TRADER","og_description":"Politique sur les cookies DONN\u00c9ES DE SUIVI ET COOKIES Afin de personnaliser votre exp\u00e9rience, nous utilisons des technologies et des outils de suivi sur nos sites Web et applications. Par exemple, nous utilisons des t\u00e9moins, c\u2019est-\u00e0-dire des t\u00e9moins d\u2019identification envoy\u00e9s par un serveur Web et stock\u00e9s sur votre appareil pour identifier votre navigateur et enregistrer [&hellip;]","og_url":"https:\/\/tradercorporation.com\/cookies-policy\/","og_site_name":"Soci\u00e9t\u00e9 TRADER","article_modified_time":"2025-09-12T14:59:35+00:00","og_image":[{"width":1200,"height":675,"url":"https:\/\/tradercorporation.com\/wp-content\/uploads\/2023\/10\/Trader_site-image.png","type":"image\/png"}],"twitter_card":"summary_large_image","twitter_misc":{"Dur\u00e9e de lecture estim\u00e9e":"2 minutes"},"schema":{"@context":"https:\/\/schema.org","@graph":[{"@type":"WebPage","@id":"https:\/\/tradercorporation.com\/cookies-policy\/","url":"https:\/\/tradercorporation.com\/cookies-policy\/","name":"Politique cookies - Soci\u00e9t\u00e9 TRADER","isPartOf":{"@id":"https:\/\/tradercorporation.com\/#website"},"datePublished":"2023-07-27T23:14:06+00:00","dateModified":"2025-09-12T14:59:35+00:00","breadcrumb":{"@id":"https:\/\/tradercorporation.com\/cookies-policy\/#breadcrumb"},"inLanguage":"fr-FR","potentialAction":[{"@type":"ReadAction","target":["https:\/\/tradercorporation.com\/cookies-policy\/"]}]},{"@type":"BreadcrumbList","@id":"https:\/\/tradercorporation.com\/cookies-policy\/#breadcrumb","itemListElement":[{"@type":"ListItem","position":1,"name":"Home","item":"https:\/\/tradercorporation.com\/"},{"@type":"ListItem","position":2,"name":"Politique cookies"}]},{"@type":"WebSite","@id":"https:\/\/tradercorporation.com\/#website","url":"https:\/\/tradercorporation.com\/","name":"Soci\u00e9t\u00e9 TRADER","description":"","publisher":{"@id":"https:\/\/tradercorporation.com\/#organization"},"potentialAction":[{"@type":"SearchAction","target":{"@type":"EntryPoint","urlTemplate":"https:\/\/tradercorporation.com\/?s={search_term_string}"},"query-input":{"@type":"PropertyValueSpecification","valueRequired":true,"valueName":"search_term_string"}}],"inLanguage":"fr-FR"},{"@type":"Organization","@id":"https:\/\/tradercorporation.com\/#organization","name":"Soci\u00e9t\u00e9 TRADER","url":"https:\/\/tradercorporation.com\/","logo":{"@type":"ImageObject","inLanguage":"fr-FR","@id":"https:\/\/tradercorporation.com\/#\/schema\/logo\/image\/","url":"https:\/\/tradercorporation.com\/wp-content\/uploads\/2023\/10\/Trader_site-image.png","contentUrl":"https:\/\/tradercorporation.com\/wp-content\/uploads\/2023\/10\/Trader_site-image.png","width":1200,"height":675,"caption":"Soci\u00e9t\u00e9 TRADER"},"image":{"@id":"https:\/\/tradercorporation.com\/#\/schema\/logo\/image\/"}}]}},"_links":{"self":[{"href":"https:\/\/tradercorporation.com\/fr\/wp-json\/wp\/v2\/pages\/3217","targetHints":{"allow":["GET"]}}],"collection":[{"href":"https:\/\/tradercorporation.com\/fr\/wp-json\/wp\/v2\/pages"}],"about":[{"href":"https:\/\/tradercorporation.com\/fr\/wp-json\/wp\/v2\/types\/page"}],"author":[{"embeddable":true,"href":"https:\/\/tradercorporation.com\/fr\/wp-json\/wp\/v2\/users\/2"}],"replies":[{"embeddable":true,"href":"https:\/\/tradercorporation.com\/fr\/wp-json\/wp\/v2\/comments?post=3217"}],"version-history":[{"count":0,"href":"https:\/\/tradercorporation.com\/fr\/wp-json\/wp\/v2\/pages\/3217\/revisions"}],"wp:attachment":[{"href":"https:\/\/tradercorporation.com\/fr\/wp-json\/wp\/v2\/media?parent=3217"}],"curies":[{"name":"wp","href":"https:\/\/api.w.org\/{rel}","templated":true}]}}