{"id":3222,"date":"2023-08-07T16:57:21","date_gmt":"2023-08-07T16:57:21","guid":{"rendered":"https:\/\/tdrcorpprd.wpengine.com\/careers\/"},"modified":"2023-09-25T23:20:00","modified_gmt":"2023-09-25T23:20:00","slug":"carrieres","status":"publish","type":"page","link":"https:\/\/tradercorporation.com\/fr\/a-propos\/carrieres\/","title":{"rendered":"Carri\u00e8res"},"content":{"rendered":"\t\t<div data-elementor-type=\"wp-page\" data-elementor-id=\"3222\" class=\"elementor elementor-3222 elementor-1668\" data-elementor-post-type=\"page\">\n\t\t\t\t<div class=\"elementor-element elementor-element-225994e e-con-full e-flex e-con e-parent\" data-id=\"225994e\" data-element_type=\"container\" data-e-type=\"container\" data-settings=\"{&quot;background_background&quot;:&quot;classic&quot;}\">\n\t\t<div class=\"elementor-element elementor-element-3ba43b2 e-flex e-con-boxed e-con e-child\" data-id=\"3ba43b2\" data-element_type=\"container\" data-e-type=\"container\">\n\t\t\t\t\t<div class=\"e-con-inner\">\n\t\t\t\t<div class=\"elementor-element elementor-element-2436507 elementor-widget elementor-widget-heading\" data-id=\"2436507\" data-element_type=\"widget\" data-e-type=\"widget\" data-widget_type=\"heading.default\">\n\t\t\t\t<div class=\"elementor-widget-container\">\n\t\t\t\t\t<h1 class=\"elementor-heading-title elementor-size-default\">Carri\u00e8res<\/h1>\t\t\t\t<\/div>\n\t\t\t\t<\/div>\n\t\t\t\t\t<\/div>\n\t\t\t\t<\/div>\n\t\t\t\t<\/div>\n\t\t<div class=\"elementor-element elementor-element-7cd216d e-flex e-con-boxed e-con e-parent\" data-id=\"7cd216d\" data-element_type=\"container\" data-e-type=\"container\" data-settings=\"{&quot;background_background&quot;:&quot;classic&quot;}\">\n\t\t\t\t\t<div class=\"e-con-inner\">\n\t\t<div class=\"elementor-element elementor-element-5555363 e-flex e-con-boxed e-con e-child\" data-id=\"5555363\" data-element_type=\"container\" data-e-type=\"container\" data-settings=\"{&quot;background_background&quot;:&quot;classic&quot;}\">\n\t\t\t\t\t<div class=\"e-con-inner\">\n\t\t<div class=\"elementor-element elementor-element-6d1f16c e-flex e-con-boxed e-con e-child\" data-id=\"6d1f16c\" data-element_type=\"container\" data-e-type=\"container\">\n\t\t\t\t\t<div class=\"e-con-inner\">\n\t\t\t\t<div class=\"elementor-element elementor-element-a3ea108 elementor-position-inline-start elementor-view-default elementor-mobile-position-block-start elementor-widget elementor-widget-icon-box\" data-id=\"a3ea108\" data-element_type=\"widget\" data-e-type=\"widget\" data-widget_type=\"icon-box.default\">\n\t\t\t\t<div class=\"elementor-widget-container\">\n\t\t\t\t\t\t\t<div class=\"elementor-icon-box-wrapper\">\n\n\t\t\t\t\t\t<div class=\"elementor-icon-box-icon\">\n\t\t\t\t<span  class=\"elementor-icon\">\n\t\t\t\t<svg xmlns=\"http:\/\/www.w3.org\/2000\/svg\" xmlns:xlink=\"http:\/\/www.w3.org\/1999\/xlink\" id=\"Layer_1\" x=\"0px\" y=\"0px\" width=\"100px\" height=\"110px\" viewBox=\"0 0 100 110\" style=\"enable-background:new 0 0 100 110;\" xml:space=\"preserve\"><path id=\"XMLID_42_\" d=\"M52.5,105h-5.1l0.6-23.6c0-0.3-0.1-0.6-0.3-0.8c-0.2-0.2-0.5-0.3-0.8-0.3l-22.5,3.1l2.4-7.4 c0.3-0.8,0-1.6-0.6-2.2L3.4,55.6l6.1-2.8c0.5-0.2,0.7-0.7,0.6-1.2L5.7,35.9l14,3c0.5,0.1,1.1-0.2,1.2-0.7l2-7.3l11.2,12.8 c0.4,0.4,0.9,0.4,1.2,0.2c0.3-0.2,0.7-0.5,0.6-1.1l-4.7-25.3l8.5,4.4c0.5,0.3,1.1,0.1,1.4-0.4L50,5l8.9,16.5 c0.3,0.5,0.9,0.7,1.4,0.4l8.5-4.4l-4.7,25.3c-0.1,0.6,0.2,0.9,0.6,1.1c0.3,0.2,0.8,0.2,1.2-0.2l11.2-12.8l2,7.3 c0.1,0.5,0.7,0.8,1.2,0.7l14-3L90,51.6c-0.1,0.5,0.1,1,0.6,1.2l6.1,2.8L73.8,73.9c-0.6,0.5-0.9,1.4-0.6,2.2l2.4,7.4l-22.5-3.1 c-0.3,0-0.6,0-0.8,0.3c-0.2,0.2-0.4,0.5-0.3,0.8L52.5,105z M49.3,103.2h1.4l-0.6-21.7c0-0.8,0.3-1.6,0.9-2.2 c0.6-0.6,1.4-0.8,2.3-0.7L73,81.4l-1.5-4.7c-0.5-1.5,0-3.1,1.2-4.1L93.3,56l-3.5-1.6c-1.3-0.6-1.9-2-1.5-3.3l3.5-12.8l-11.1,2.4 c-1.5,0.3-2.9-0.6-3.3-2l-1.1-4.1l-9,10.3c-0.8,1-2.2,1.2-3.3,0.7c-1.2-0.6-1.8-1.8-1.5-3l4-21.7l-5.2,2.7c-1.4,0.7-3,0.2-3.8-1.2 L50,8.8l-7.3,13.6c-0.7,1.3-2.4,1.9-3.8,1.2l-5.2-2.7l4,21.7c0.2,1.3-0.4,2.5-1.5,3c-1.2,0.6-2.5,0.3-3.3-0.7l-9-10.3l-1.1,4.1 c-0.4,1.4-1.9,2.3-3.3,2L8.2,38.3l3.5,12.8c0.4,1.3-0.3,2.7-1.5,3.3L6.7,56l20.6,16.6c1.2,1,1.7,2.6,1.2,4.1L27,81.4l19.7-2.8 c0.8-0.1,1.6,0.1,2.3,0.7c0.6,0.6,1,1.3,0.9,2.2L49.3,103.2z\"><\/path><\/svg>\t\t\t\t<\/span>\n\t\t\t<\/div>\n\t\t\t\n\t\t\t\t\t\t<div class=\"elementor-icon-box-content\">\n\n\t\t\t\t\t\t\t\t\t<h3 class=\"elementor-icon-box-title\">\n\t\t\t\t\t\t<span  >\n\t\t\t\t\t\t\tSeriez-vous int\u00e9ress\u00e9 \u00e0 contribuer \u00e0 une v\u00e9ritable r\u00e9ussite canadienne et \u00e0 orienter l\u2019avenir de l\u2019industrie automobile?\t\t\t\t\t\t<\/span>\n\t\t\t\t\t<\/h3>\n\t\t\t\t\n\t\t\t\t\n\t\t\t<\/div>\n\t\t\t\n\t\t<\/div>\n\t\t\t\t\t\t<\/div>\n\t\t\t\t<\/div>\n\t\t\t\t<div class=\"elementor-element elementor-element-112d0a6 elementor-widget elementor-widget-text-editor\" data-id=\"112d0a6\" data-element_type=\"widget\" data-e-type=\"widget\" data-widget_type=\"text-editor.default\">\n\t\t\t\t<div class=\"elementor-widget-container\">\n\t\t\t\t\t\t\t\t\t\u00c7a tombe bien, la Soci\u00e9t\u00e9 TRADER, recherche des gens \u00e0 l\u2019esprit innovateurs, des r\u00eaveurs et autres curieux! Nous recherchons des gens pr\u00eats \u00e0 red\u00e9finir la fa\u00e7on dont les Canadiens ach\u00e8tent et vendent des v\u00e9hicules, qui n\u2019h\u00e9sitent pas \u00e0 s\u2019attaquer et \u00e0 r\u00e9gler des d\u00e9fis complexes par la mise en place de solutions novatrices.  \n<br><br>\nEn tant qu\u2019entreprise reconnue parmi les Meilleurs lieux de travailMD au pays, nous disposons des outils et de l\u2019\u00e9quipe qui assureront votre r\u00e9ussite. Nous vous invitons \u00e0 faire progresser votre carri\u00e8re chez TRADER, un lieu de travail o\u00f9 nous visons \u00e0 vous offrir tous les moyens pour devenir la meilleure version de vous-m\u00eame. Bouclez votre ceinture et venez nous voir d\u2019ici peu!   \n\t\t\t\t\t\t\t\t<\/div>\n\t\t\t\t<\/div>\n\t\t\t\t<div class=\"elementor-element elementor-element-1a1d5d1 elementor-widget elementor-widget-video\" data-id=\"1a1d5d1\" data-element_type=\"widget\" data-e-type=\"widget\" data-settings=\"{&quot;youtube_url&quot;:&quot;https:\\\/\\\/www.youtube.com\\\/watch?v=n8Fzx3PFWR4&quot;,&quot;video_type&quot;:&quot;youtube&quot;,&quot;controls&quot;:&quot;yes&quot;}\" data-widget_type=\"video.default\">\n\t\t\t\t<div class=\"elementor-widget-container\">\n\t\t\t\t\t\t\t<div class=\"elementor-wrapper elementor-open-inline\">\n\t\t\t<div class=\"elementor-video\"><\/div>\t\t<\/div>\n\t\t\t\t\t\t<\/div>\n\t\t\t\t<\/div>\n\t\t\t\t\t<\/div>\n\t\t\t\t<\/div>\n\t\t\t\t<div class=\"elementor-element elementor-element-3b70dda elementor-align-center elementor-hidden-mobile elementor-widget elementor-widget-button\" data-id=\"3b70dda\" data-element_type=\"widget\" data-e-type=\"widget\" data-widget_type=\"button.default\">\n\t\t\t\t<div class=\"elementor-widget-container\">\n\t\t\t\t\t\t\t\t\t<div class=\"elementor-button-wrapper\">\n\t\t\t\t\t<a class=\"elementor-button elementor-button-link elementor-size-md\" href=\"https:\/\/careers.trader.ca\/fr\/\" target=\"_blank\">\n\t\t\t\t\t\t<span class=\"elementor-button-content-wrapper\">\n\t\t\t\t\t\t\t\t\t<span class=\"elementor-button-text\">Voir les postes offerts<\/span>\n\t\t\t\t\t<\/span>\n\t\t\t\t\t<\/a>\n\t\t\t\t<\/div>\n\t\t\t\t\t\t\t\t<\/div>\n\t\t\t\t<\/div>\n\t\t\t\t<div class=\"elementor-element elementor-element-51ea310 elementor-align-center elementor-hidden-desktop elementor-hidden-tablet elementor-widget elementor-widget-button\" data-id=\"51ea310\" data-element_type=\"widget\" data-e-type=\"widget\" data-widget_type=\"button.default\">\n\t\t\t\t<div class=\"elementor-widget-container\">\n\t\t\t\t\t\t\t\t\t<div class=\"elementor-button-wrapper\">\n\t\t\t\t\t<a class=\"elementor-button elementor-button-link elementor-size-md\" href=\"https:\/\/careers.trader.ca\/fr\/\" target=\"_blank\">\n\t\t\t\t\t\t<span class=\"elementor-button-content-wrapper\">\n\t\t\t\t\t\t\t\t\t<span class=\"elementor-button-text\">Voir les postes <br>offerts<\/span>\n\t\t\t\t\t<\/span>\n\t\t\t\t\t<\/a>\n\t\t\t\t<\/div>\n\t\t\t\t\t\t\t\t<\/div>\n\t\t\t\t<\/div>\n\t\t\t\t\t<\/div>\n\t\t\t\t<\/div>\n\t\t\t\t\t<\/div>\n\t\t\t\t<\/div>\n\t\t\t\t<\/div>\n\t\t","protected":false},"excerpt":{"rendered":"<p>Carri\u00e8res Seriez-vous int\u00e9ress\u00e9 \u00e0 contribuer \u00e0 une v\u00e9ritable r\u00e9ussite canadienne et \u00e0 orienter l\u2019avenir de l\u2019industrie automobile? \u00c7a tombe bien, la Soci\u00e9t\u00e9 TRADER, recherche des gens \u00e0 l\u2019esprit innovateurs, des r\u00eaveurs et autres curieux! Nous recherchons des gens pr\u00eats \u00e0 red\u00e9finir la fa\u00e7on dont les Canadiens ach\u00e8tent et vendent des v\u00e9hicules, qui n\u2019h\u00e9sitent pas \u00e0 [&hellip;]<\/p>\n","protected":false},"author":2,"featured_media":0,"parent":3226,"menu_order":0,"comment_status":"closed","ping_status":"closed","template":"elementor_header_footer","meta":{"inline_featured_image":false,"footnotes":""},"class_list":["post-3222","page","type-page","status-publish","hentry"],"yoast_head":"<!-- This site is optimized with the Yoast SEO plugin v27.3 - https:\/\/yoast.com\/product\/yoast-seo-wordpress\/ -->\n<title>Carri\u00e8res - Soci\u00e9t\u00e9 TRADER<\/title>\n<meta name=\"robots\" content=\"index, follow, max-snippet:-1, max-image-preview:large, max-video-preview:-1\" \/>\n<link rel=\"canonical\" href=\"https:\/\/tradercorporation.com\/about-us\/careers\/\" \/>\n<meta property=\"og:locale\" content=\"fr_FR\" \/>\n<meta property=\"og:type\" content=\"article\" \/>\n<meta property=\"og:title\" content=\"Carri\u00e8res - Soci\u00e9t\u00e9 TRADER\" \/>\n<meta property=\"og:description\" content=\"Carri\u00e8res Seriez-vous int\u00e9ress\u00e9 \u00e0 contribuer \u00e0 une v\u00e9ritable r\u00e9ussite canadienne et \u00e0 orienter l\u2019avenir de l\u2019industrie automobile? \u00c7a tombe bien, la Soci\u00e9t\u00e9 TRADER, recherche des gens \u00e0 l\u2019esprit innovateurs, des r\u00eaveurs et autres curieux! Nous recherchons des gens pr\u00eats \u00e0 red\u00e9finir la fa\u00e7on dont les Canadiens ach\u00e8tent et vendent des v\u00e9hicules, qui n\u2019h\u00e9sitent pas \u00e0 [&hellip;]\" \/>\n<meta property=\"og:url\" content=\"https:\/\/tradercorporation.com\/about-us\/careers\/\" \/>\n<meta property=\"og:site_name\" content=\"Soci\u00e9t\u00e9 TRADER\" \/>\n<meta property=\"article:modified_time\" content=\"2023-09-25T23:20:00+00:00\" \/>\n<meta property=\"og:image\" content=\"https:\/\/tradercorporation.com\/wp-content\/uploads\/2023\/10\/Trader_site-image.png\" \/>\n\t<meta property=\"og:image:width\" content=\"1200\" \/>\n\t<meta property=\"og:image:height\" content=\"675\" \/>\n\t<meta property=\"og:image:type\" content=\"image\/png\" \/>\n<meta name=\"twitter:card\" content=\"summary_large_image\" \/>\n<meta name=\"twitter:label1\" content=\"Dur\u00e9e de lecture estim\u00e9e\" \/>\n\t<meta name=\"twitter:data1\" content=\"1 minute\" \/>\n<script type=\"application\/ld+json\" class=\"yoast-schema-graph\">{\"@context\":\"https:\\\/\\\/schema.org\",\"@graph\":[{\"@type\":\"WebPage\",\"@id\":\"https:\\\/\\\/tradercorporation.com\\\/about-us\\\/careers\\\/\",\"url\":\"https:\\\/\\\/tradercorporation.com\\\/about-us\\\/careers\\\/\",\"name\":\"Carri\u00e8res - Soci\u00e9t\u00e9 TRADER\",\"isPartOf\":{\"@id\":\"https:\\\/\\\/tradercorporation.com\\\/#website\"},\"datePublished\":\"2023-08-07T16:57:21+00:00\",\"dateModified\":\"2023-09-25T23:20:00+00:00\",\"breadcrumb\":{\"@id\":\"https:\\\/\\\/tradercorporation.com\\\/about-us\\\/careers\\\/#breadcrumb\"},\"inLanguage\":\"fr-FR\",\"potentialAction\":[{\"@type\":\"ReadAction\",\"target\":[\"https:\\\/\\\/tradercorporation.com\\\/about-us\\\/careers\\\/\"]}]},{\"@type\":\"BreadcrumbList\",\"@id\":\"https:\\\/\\\/tradercorporation.com\\\/about-us\\\/careers\\\/#breadcrumb\",\"itemListElement\":[{\"@type\":\"ListItem\",\"position\":1,\"name\":\"Home\",\"item\":\"https:\\\/\\\/tradercorporation.com\\\/\"},{\"@type\":\"ListItem\",\"position\":2,\"name\":\"\u00c0 propos\",\"item\":\"https:\\\/\\\/tradercorporation.com\\\/about-us\\\/\"},{\"@type\":\"ListItem\",\"position\":3,\"name\":\"Carri\u00e8res\"}]},{\"@type\":\"WebSite\",\"@id\":\"https:\\\/\\\/tradercorporation.com\\\/#website\",\"url\":\"https:\\\/\\\/tradercorporation.com\\\/\",\"name\":\"Soci\u00e9t\u00e9 TRADER\",\"description\":\"\",\"publisher\":{\"@id\":\"https:\\\/\\\/tradercorporation.com\\\/#organization\"},\"potentialAction\":[{\"@type\":\"SearchAction\",\"target\":{\"@type\":\"EntryPoint\",\"urlTemplate\":\"https:\\\/\\\/tradercorporation.com\\\/?s={search_term_string}\"},\"query-input\":{\"@type\":\"PropertyValueSpecification\",\"valueRequired\":true,\"valueName\":\"search_term_string\"}}],\"inLanguage\":\"fr-FR\"},{\"@type\":\"Organization\",\"@id\":\"https:\\\/\\\/tradercorporation.com\\\/#organization\",\"name\":\"Soci\u00e9t\u00e9 TRADER\",\"url\":\"https:\\\/\\\/tradercorporation.com\\\/\",\"logo\":{\"@type\":\"ImageObject\",\"inLanguage\":\"fr-FR\",\"@id\":\"https:\\\/\\\/tradercorporation.com\\\/#\\\/schema\\\/logo\\\/image\\\/\",\"url\":\"https:\\\/\\\/tradercorporation.com\\\/wp-content\\\/uploads\\\/2023\\\/10\\\/Trader_site-image.png\",\"contentUrl\":\"https:\\\/\\\/tradercorporation.com\\\/wp-content\\\/uploads\\\/2023\\\/10\\\/Trader_site-image.png\",\"width\":1200,\"height\":675,\"caption\":\"Soci\u00e9t\u00e9 TRADER\"},\"image\":{\"@id\":\"https:\\\/\\\/tradercorporation.com\\\/#\\\/schema\\\/logo\\\/image\\\/\"}}]}<\/script>\n<!-- \/ Yoast SEO plugin. -->","yoast_head_json":{"title":"Carri\u00e8res - Soci\u00e9t\u00e9 TRADER","robots":{"index":"index","follow":"follow","max-snippet":"max-snippet:-1","max-image-preview":"max-image-preview:large","max-video-preview":"max-video-preview:-1"},"canonical":"https:\/\/tradercorporation.com\/about-us\/careers\/","og_locale":"fr_FR","og_type":"article","og_title":"Carri\u00e8res - Soci\u00e9t\u00e9 TRADER","og_description":"Carri\u00e8res Seriez-vous int\u00e9ress\u00e9 \u00e0 contribuer \u00e0 une v\u00e9ritable r\u00e9ussite canadienne et \u00e0 orienter l\u2019avenir de l\u2019industrie automobile? \u00c7a tombe bien, la Soci\u00e9t\u00e9 TRADER, recherche des gens \u00e0 l\u2019esprit innovateurs, des r\u00eaveurs et autres curieux! Nous recherchons des gens pr\u00eats \u00e0 red\u00e9finir la fa\u00e7on dont les Canadiens ach\u00e8tent et vendent des v\u00e9hicules, qui n\u2019h\u00e9sitent pas \u00e0 [&hellip;]","og_url":"https:\/\/tradercorporation.com\/about-us\/careers\/","og_site_name":"Soci\u00e9t\u00e9 TRADER","article_modified_time":"2023-09-25T23:20:00+00:00","og_image":[{"width":1200,"height":675,"url":"https:\/\/tradercorporation.com\/wp-content\/uploads\/2023\/10\/Trader_site-image.png","type":"image\/png"}],"twitter_card":"summary_large_image","twitter_misc":{"Dur\u00e9e de lecture estim\u00e9e":"1 minute"},"schema":{"@context":"https:\/\/schema.org","@graph":[{"@type":"WebPage","@id":"https:\/\/tradercorporation.com\/about-us\/careers\/","url":"https:\/\/tradercorporation.com\/about-us\/careers\/","name":"Carri\u00e8res - Soci\u00e9t\u00e9 TRADER","isPartOf":{"@id":"https:\/\/tradercorporation.com\/#website"},"datePublished":"2023-08-07T16:57:21+00:00","dateModified":"2023-09-25T23:20:00+00:00","breadcrumb":{"@id":"https:\/\/tradercorporation.com\/about-us\/careers\/#breadcrumb"},"inLanguage":"fr-FR","potentialAction":[{"@type":"ReadAction","target":["https:\/\/tradercorporation.com\/about-us\/careers\/"]}]},{"@type":"BreadcrumbList","@id":"https:\/\/tradercorporation.com\/about-us\/careers\/#breadcrumb","itemListElement":[{"@type":"ListItem","position":1,"name":"Home","item":"https:\/\/tradercorporation.com\/"},{"@type":"ListItem","position":2,"name":"\u00c0 propos","item":"https:\/\/tradercorporation.com\/about-us\/"},{"@type":"ListItem","position":3,"name":"Carri\u00e8res"}]},{"@type":"WebSite","@id":"https:\/\/tradercorporation.com\/#website","url":"https:\/\/tradercorporation.com\/","name":"Soci\u00e9t\u00e9 TRADER","description":"","publisher":{"@id":"https:\/\/tradercorporation.com\/#organization"},"potentialAction":[{"@type":"SearchAction","target":{"@type":"EntryPoint","urlTemplate":"https:\/\/tradercorporation.com\/?s={search_term_string}"},"query-input":{"@type":"PropertyValueSpecification","valueRequired":true,"valueName":"search_term_string"}}],"inLanguage":"fr-FR"},{"@type":"Organization","@id":"https:\/\/tradercorporation.com\/#organization","name":"Soci\u00e9t\u00e9 TRADER","url":"https:\/\/tradercorporation.com\/","logo":{"@type":"ImageObject","inLanguage":"fr-FR","@id":"https:\/\/tradercorporation.com\/#\/schema\/logo\/image\/","url":"https:\/\/tradercorporation.com\/wp-content\/uploads\/2023\/10\/Trader_site-image.png","contentUrl":"https:\/\/tradercorporation.com\/wp-content\/uploads\/2023\/10\/Trader_site-image.png","width":1200,"height":675,"caption":"Soci\u00e9t\u00e9 TRADER"},"image":{"@id":"https:\/\/tradercorporation.com\/#\/schema\/logo\/image\/"}}]}},"_links":{"self":[{"href":"https:\/\/tradercorporation.com\/fr\/wp-json\/wp\/v2\/pages\/3222","targetHints":{"allow":["GET"]}}],"collection":[{"href":"https:\/\/tradercorporation.com\/fr\/wp-json\/wp\/v2\/pages"}],"about":[{"href":"https:\/\/tradercorporation.com\/fr\/wp-json\/wp\/v2\/types\/page"}],"author":[{"embeddable":true,"href":"https:\/\/tradercorporation.com\/fr\/wp-json\/wp\/v2\/users\/2"}],"replies":[{"embeddable":true,"href":"https:\/\/tradercorporation.com\/fr\/wp-json\/wp\/v2\/comments?post=3222"}],"version-history":[{"count":0,"href":"https:\/\/tradercorporation.com\/fr\/wp-json\/wp\/v2\/pages\/3222\/revisions"}],"up":[{"embeddable":true,"href":"https:\/\/tradercorporation.com\/fr\/wp-json\/wp\/v2\/pages\/3226"}],"wp:attachment":[{"href":"https:\/\/tradercorporation.com\/fr\/wp-json\/wp\/v2\/media?parent=3222"}],"curies":[{"name":"wp","href":"https:\/\/api.w.org\/{rel}","templated":true}]}}