{"id":3231,"date":"2023-08-07T17:16:15","date_gmt":"2023-08-07T21:16:15","guid":{"rendered":"https:\/\/tdrcorpprd.wpengine.com\/press-room\/press-contacts\/"},"modified":"2025-02-26T14:46:02","modified_gmt":"2025-02-26T19:46:02","slug":"relations-medias","status":"publish","type":"page","link":"https:\/\/tradercorporation.com\/fr\/salle-de-presse\/relations-medias\/","title":{"rendered":"Relations m\u00e9dias"},"content":{"rendered":"\t\t<div data-elementor-type=\"wp-page\" data-elementor-id=\"3231\" class=\"elementor elementor-3231 elementor-1683\" data-elementor-post-type=\"page\">\n\t\t\t\t<div class=\"elementor-element elementor-element-cc64571 e-con-full e-flex e-con e-parent\" data-id=\"cc64571\" data-element_type=\"container\" data-e-type=\"container\" data-settings=\"{&quot;background_background&quot;:&quot;classic&quot;}\">\n\t\t<div class=\"elementor-element elementor-element-bcc2d2d e-flex e-con-boxed e-con e-child\" data-id=\"bcc2d2d\" data-element_type=\"container\" data-e-type=\"container\">\n\t\t\t\t\t<div class=\"e-con-inner\">\n\t\t\t\t<div class=\"elementor-element elementor-element-0aac442 elementor-widget elementor-widget-heading\" data-id=\"0aac442\" data-element_type=\"widget\" data-e-type=\"widget\" data-widget_type=\"heading.default\">\n\t\t\t\t<div class=\"elementor-widget-container\">\n\t\t\t\t\t<h1 class=\"elementor-heading-title elementor-size-default\">Relations m\u00e9dias<\/h1>\t\t\t\t<\/div>\n\t\t\t\t<\/div>\n\t\t\t\t\t<\/div>\n\t\t\t\t<\/div>\n\t\t\t\t<\/div>\n\t\t<div class=\"elementor-element elementor-element-d422004 e-flex e-con-boxed e-con e-parent\" data-id=\"d422004\" data-element_type=\"container\" data-e-type=\"container\" data-settings=\"{&quot;background_background&quot;:&quot;classic&quot;}\">\n\t\t\t\t\t<div class=\"e-con-inner\">\n\t\t<div class=\"elementor-element elementor-element-68d813e contact-form e-flex e-con-boxed e-con e-child\" data-id=\"68d813e\" data-element_type=\"container\" data-e-type=\"container\" data-settings=\"{&quot;background_background&quot;:&quot;classic&quot;}\">\n\t\t\t\t\t<div class=\"e-con-inner\">\n\t\t\t\t<div class=\"elementor-element elementor-element-daa9a93 elementor-widget elementor-widget-heading\" data-id=\"daa9a93\" data-element_type=\"widget\" data-e-type=\"widget\" data-widget_type=\"heading.default\">\n\t\t\t\t<div class=\"elementor-widget-container\">\n\t\t\t\t\t<h3 class=\"elementor-heading-title elementor-size-default\">Relations m\u00e9dias<\/h3>\t\t\t\t<\/div>\n\t\t\t\t<\/div>\n\t\t<div class=\"elementor-element elementor-element-3930377 e-grid e-con-boxed e-con e-child\" data-id=\"3930377\" data-element_type=\"container\" data-e-type=\"container\">\n\t\t\t\t\t<div class=\"e-con-inner\">\n\t\t\t\t<div class=\"elementor-element elementor-element-e1f45d8 elementor-widget__width-inherit elementor-widget elementor-widget-text-editor\" data-id=\"e1f45d8\" data-element_type=\"widget\" data-e-type=\"widget\" data-widget_type=\"text-editor.default\">\n\t\t\t\t<div class=\"elementor-widget-container\">\n\t\t\t\t\t\t\t\t\t<p><strong>Milan Brankovic<\/strong><br \/><em>Premier directeur, Marketing de l&rsquo;entreprise (B2B)<\/em><br \/>AutoHebdo.net<\/p>\t\t\t\t\t\t\t\t<\/div>\n\t\t\t\t<\/div>\n\t\t\t\t<div class=\"elementor-element elementor-element-def1fb4 elementor-widget__width-inherit elementor-widget elementor-widget-text-editor\" data-id=\"def1fb4\" data-element_type=\"widget\" data-e-type=\"widget\" data-widget_type=\"text-editor.default\">\n\t\t\t\t<div class=\"elementor-widget-container\">\n\t\t\t\t\t\t\t\t\t<p><strong>Kung Chu<\/strong><br \/><em>Premier directeur, Marketing grand public (B2C)<\/em><br \/>AutoHebdo.net<\/p>\t\t\t\t\t\t\t\t<\/div>\n\t\t\t\t<\/div>\n\t\t\t\t\t<\/div>\n\t\t\t\t<\/div>\n\t\t\t\t\t<\/div>\n\t\t\t\t<\/div>\n\t\t<div class=\"elementor-element elementor-element-b4834c9 contact-form e-flex e-con-boxed e-con e-child\" data-id=\"b4834c9\" data-element_type=\"container\" data-e-type=\"container\" data-settings=\"{&quot;background_background&quot;:&quot;classic&quot;}\">\n\t\t\t\t\t<div class=\"e-con-inner\">\n\t\t\t\t<div class=\"elementor-element elementor-element-5e2275d elementor-widget elementor-widget-heading\" data-id=\"5e2275d\" data-element_type=\"widget\" data-e-type=\"widget\" data-widget_type=\"heading.default\">\n\t\t\t\t<div class=\"elementor-widget-container\">\n\t\t\t\t\t<h3 class=\"elementor-heading-title elementor-size-default\">Relations avec les m\u00e9dias<\/h3>\t\t\t\t<\/div>\n\t\t\t\t<\/div>\n\t\t\t\t<div class=\"elementor-element elementor-element-8c2c42e elementor-widget elementor-widget-text-editor\" data-id=\"8c2c42e\" data-element_type=\"widget\" data-e-type=\"widget\" data-widget_type=\"text-editor.default\">\n\t\t\t\t<div class=\"elementor-widget-container\">\n\t\t\t\t\t\t\t\t\t<p>Vous \u00eates membre des m\u00e9dias et avez des questions relativement aux plus r\u00e9centes nouvelles \u00e0 notre sujet ou souhaitez en savoir plus sur TRADER? N\u2019h\u00e9sitez pas \u00e0 nous joindre ici et nous vous r\u00e9pondrons d\u00e8s que possible. <\/p>\n\t\t\t\t\t\t\t\t<\/div>\n\t\t\t\t<\/div>\n\t\t\t\t<div class=\"elementor-element elementor-element-b4577c5 elementor-widget elementor-widget-html\" data-id=\"b4577c5\" data-element_type=\"widget\" data-e-type=\"widget\" data-widget_type=\"html.default\">\n\t\t\t\t<div class=\"elementor-widget-container\">\n\t\t\t\t\t<script src=\"\/\/343-YUL-501.mktoweb.com\/js\/forms2\/js\/forms2.min.js\"><\/script>\r\n<form id=\"mktoForm_2210\"><\/form>\r\n<script>MktoForms2.loadForm(\"\/\/343-YUL-501.mktoweb.com\", \"343-YUL-501\", 2210);<\/script>\r\n\t\t\t\t<\/div>\n\t\t\t\t<\/div>\n\t\t\t\t\t<\/div>\n\t\t\t\t<\/div>\n\t\t\t\t\t<\/div>\n\t\t\t\t<\/div>\n\t\t\t\t<\/div>\n\t\t","protected":false},"excerpt":{"rendered":"<p>Relations m\u00e9dias Relations m\u00e9dias Milan BrankovicPremier directeur, Marketing de l&rsquo;entreprise (B2B)AutoHebdo.net Kung ChuPremier directeur, Marketing grand public (B2C)AutoHebdo.net Relations avec les m\u00e9dias Vous \u00eates membre des m\u00e9dias et avez des questions relativement aux plus r\u00e9centes nouvelles \u00e0 notre sujet ou souhaitez en savoir plus sur TRADER? N\u2019h\u00e9sitez pas \u00e0 nous joindre ici et nous vous [&hellip;]<\/p>\n","protected":false},"author":2,"featured_media":0,"parent":3230,"menu_order":0,"comment_status":"closed","ping_status":"closed","template":"elementor_header_footer","meta":{"inline_featured_image":false,"footnotes":""},"class_list":["post-3231","page","type-page","status-publish","hentry"],"yoast_head":"<!-- This site is optimized with the Yoast SEO plugin v27.3 - https:\/\/yoast.com\/product\/yoast-seo-wordpress\/ -->\n<title>Relations m\u00e9dias - Soci\u00e9t\u00e9 TRADER<\/title>\n<meta name=\"robots\" content=\"index, follow, max-snippet:-1, max-image-preview:large, max-video-preview:-1\" \/>\n<link rel=\"canonical\" href=\"https:\/\/tradercorporation.com\/fr\/salle-de-presse\/relations-medias\/\" \/>\n<meta property=\"og:locale\" content=\"fr_FR\" \/>\n<meta property=\"og:type\" content=\"article\" \/>\n<meta property=\"og:title\" content=\"Relations m\u00e9dias - Soci\u00e9t\u00e9 TRADER\" \/>\n<meta property=\"og:description\" content=\"Relations m\u00e9dias Relations m\u00e9dias Milan BrankovicPremier directeur, Marketing de l&rsquo;entreprise (B2B)AutoHebdo.net Kung ChuPremier directeur, Marketing grand public (B2C)AutoHebdo.net Relations avec les m\u00e9dias Vous \u00eates membre des m\u00e9dias et avez des questions relativement aux plus r\u00e9centes nouvelles \u00e0 notre sujet ou souhaitez en savoir plus sur TRADER? N\u2019h\u00e9sitez pas \u00e0 nous joindre ici et nous vous [&hellip;]\" \/>\n<meta property=\"og:url\" content=\"https:\/\/tradercorporation.com\/fr\/salle-de-presse\/relations-medias\/\" \/>\n<meta property=\"og:site_name\" content=\"Soci\u00e9t\u00e9 TRADER\" \/>\n<meta property=\"article:modified_time\" content=\"2025-02-26T19:46:02+00:00\" \/>\n<meta property=\"og:image\" content=\"https:\/\/tradercorporation.com\/wp-content\/uploads\/2023\/10\/Trader_site-image.png\" \/>\n\t<meta property=\"og:image:width\" content=\"1200\" \/>\n\t<meta property=\"og:image:height\" content=\"675\" \/>\n\t<meta property=\"og:image:type\" content=\"image\/png\" \/>\n<meta name=\"twitter:card\" content=\"summary_large_image\" \/>\n<meta name=\"twitter:label1\" content=\"Dur\u00e9e de lecture estim\u00e9e\" \/>\n\t<meta name=\"twitter:data1\" content=\"1 minute\" \/>\n<script type=\"application\/ld+json\" class=\"yoast-schema-graph\">{\"@context\":\"https:\\\/\\\/schema.org\",\"@graph\":[{\"@type\":\"WebPage\",\"@id\":\"https:\\\/\\\/tradercorporation.com\\\/fr\\\/salle-de-presse\\\/relations-medias\\\/\",\"url\":\"https:\\\/\\\/tradercorporation.com\\\/fr\\\/salle-de-presse\\\/relations-medias\\\/\",\"name\":\"Relations m\u00e9dias - Soci\u00e9t\u00e9 TRADER\",\"isPartOf\":{\"@id\":\"https:\\\/\\\/tradercorporation.com\\\/#website\"},\"datePublished\":\"2023-08-07T21:16:15+00:00\",\"dateModified\":\"2025-02-26T19:46:02+00:00\",\"breadcrumb\":{\"@id\":\"https:\\\/\\\/tradercorporation.com\\\/fr\\\/salle-de-presse\\\/relations-medias\\\/#breadcrumb\"},\"inLanguage\":\"fr-FR\",\"potentialAction\":[{\"@type\":\"ReadAction\",\"target\":[\"https:\\\/\\\/tradercorporation.com\\\/fr\\\/salle-de-presse\\\/relations-medias\\\/\"]}]},{\"@type\":\"BreadcrumbList\",\"@id\":\"https:\\\/\\\/tradercorporation.com\\\/fr\\\/salle-de-presse\\\/relations-medias\\\/#breadcrumb\",\"itemListElement\":[{\"@type\":\"ListItem\",\"position\":1,\"name\":\"Home\",\"item\":\"https:\\\/\\\/tradercorporation.com\\\/\"},{\"@type\":\"ListItem\",\"position\":2,\"name\":\"Salle de presse\",\"item\":\"https:\\\/\\\/tradercorporation.com\\\/press-room\\\/\"},{\"@type\":\"ListItem\",\"position\":3,\"name\":\"Relations m\u00e9dias\"}]},{\"@type\":\"WebSite\",\"@id\":\"https:\\\/\\\/tradercorporation.com\\\/#website\",\"url\":\"https:\\\/\\\/tradercorporation.com\\\/\",\"name\":\"Soci\u00e9t\u00e9 TRADER\",\"description\":\"\",\"publisher\":{\"@id\":\"https:\\\/\\\/tradercorporation.com\\\/#organization\"},\"potentialAction\":[{\"@type\":\"SearchAction\",\"target\":{\"@type\":\"EntryPoint\",\"urlTemplate\":\"https:\\\/\\\/tradercorporation.com\\\/?s={search_term_string}\"},\"query-input\":{\"@type\":\"PropertyValueSpecification\",\"valueRequired\":true,\"valueName\":\"search_term_string\"}}],\"inLanguage\":\"fr-FR\"},{\"@type\":\"Organization\",\"@id\":\"https:\\\/\\\/tradercorporation.com\\\/#organization\",\"name\":\"Soci\u00e9t\u00e9 TRADER\",\"url\":\"https:\\\/\\\/tradercorporation.com\\\/\",\"logo\":{\"@type\":\"ImageObject\",\"inLanguage\":\"fr-FR\",\"@id\":\"https:\\\/\\\/tradercorporation.com\\\/#\\\/schema\\\/logo\\\/image\\\/\",\"url\":\"https:\\\/\\\/tradercorporation.com\\\/wp-content\\\/uploads\\\/2023\\\/10\\\/Trader_site-image.png\",\"contentUrl\":\"https:\\\/\\\/tradercorporation.com\\\/wp-content\\\/uploads\\\/2023\\\/10\\\/Trader_site-image.png\",\"width\":1200,\"height\":675,\"caption\":\"Soci\u00e9t\u00e9 TRADER\"},\"image\":{\"@id\":\"https:\\\/\\\/tradercorporation.com\\\/#\\\/schema\\\/logo\\\/image\\\/\"}}]}<\/script>\n<!-- \/ Yoast SEO plugin. -->","yoast_head_json":{"title":"Relations m\u00e9dias - Soci\u00e9t\u00e9 TRADER","robots":{"index":"index","follow":"follow","max-snippet":"max-snippet:-1","max-image-preview":"max-image-preview:large","max-video-preview":"max-video-preview:-1"},"canonical":"https:\/\/tradercorporation.com\/fr\/salle-de-presse\/relations-medias\/","og_locale":"fr_FR","og_type":"article","og_title":"Relations m\u00e9dias - Soci\u00e9t\u00e9 TRADER","og_description":"Relations m\u00e9dias Relations m\u00e9dias Milan BrankovicPremier directeur, Marketing de l&rsquo;entreprise (B2B)AutoHebdo.net Kung ChuPremier directeur, Marketing grand public (B2C)AutoHebdo.net Relations avec les m\u00e9dias Vous \u00eates membre des m\u00e9dias et avez des questions relativement aux plus r\u00e9centes nouvelles \u00e0 notre sujet ou souhaitez en savoir plus sur TRADER? N\u2019h\u00e9sitez pas \u00e0 nous joindre ici et nous vous [&hellip;]","og_url":"https:\/\/tradercorporation.com\/fr\/salle-de-presse\/relations-medias\/","og_site_name":"Soci\u00e9t\u00e9 TRADER","article_modified_time":"2025-02-26T19:46:02+00:00","og_image":[{"width":1200,"height":675,"url":"https:\/\/tradercorporation.com\/wp-content\/uploads\/2023\/10\/Trader_site-image.png","type":"image\/png"}],"twitter_card":"summary_large_image","twitter_misc":{"Dur\u00e9e de lecture estim\u00e9e":"1 minute"},"schema":{"@context":"https:\/\/schema.org","@graph":[{"@type":"WebPage","@id":"https:\/\/tradercorporation.com\/fr\/salle-de-presse\/relations-medias\/","url":"https:\/\/tradercorporation.com\/fr\/salle-de-presse\/relations-medias\/","name":"Relations m\u00e9dias - Soci\u00e9t\u00e9 TRADER","isPartOf":{"@id":"https:\/\/tradercorporation.com\/#website"},"datePublished":"2023-08-07T21:16:15+00:00","dateModified":"2025-02-26T19:46:02+00:00","breadcrumb":{"@id":"https:\/\/tradercorporation.com\/fr\/salle-de-presse\/relations-medias\/#breadcrumb"},"inLanguage":"fr-FR","potentialAction":[{"@type":"ReadAction","target":["https:\/\/tradercorporation.com\/fr\/salle-de-presse\/relations-medias\/"]}]},{"@type":"BreadcrumbList","@id":"https:\/\/tradercorporation.com\/fr\/salle-de-presse\/relations-medias\/#breadcrumb","itemListElement":[{"@type":"ListItem","position":1,"name":"Home","item":"https:\/\/tradercorporation.com\/"},{"@type":"ListItem","position":2,"name":"Salle de presse","item":"https:\/\/tradercorporation.com\/press-room\/"},{"@type":"ListItem","position":3,"name":"Relations m\u00e9dias"}]},{"@type":"WebSite","@id":"https:\/\/tradercorporation.com\/#website","url":"https:\/\/tradercorporation.com\/","name":"Soci\u00e9t\u00e9 TRADER","description":"","publisher":{"@id":"https:\/\/tradercorporation.com\/#organization"},"potentialAction":[{"@type":"SearchAction","target":{"@type":"EntryPoint","urlTemplate":"https:\/\/tradercorporation.com\/?s={search_term_string}"},"query-input":{"@type":"PropertyValueSpecification","valueRequired":true,"valueName":"search_term_string"}}],"inLanguage":"fr-FR"},{"@type":"Organization","@id":"https:\/\/tradercorporation.com\/#organization","name":"Soci\u00e9t\u00e9 TRADER","url":"https:\/\/tradercorporation.com\/","logo":{"@type":"ImageObject","inLanguage":"fr-FR","@id":"https:\/\/tradercorporation.com\/#\/schema\/logo\/image\/","url":"https:\/\/tradercorporation.com\/wp-content\/uploads\/2023\/10\/Trader_site-image.png","contentUrl":"https:\/\/tradercorporation.com\/wp-content\/uploads\/2023\/10\/Trader_site-image.png","width":1200,"height":675,"caption":"Soci\u00e9t\u00e9 TRADER"},"image":{"@id":"https:\/\/tradercorporation.com\/#\/schema\/logo\/image\/"}}]}},"_links":{"self":[{"href":"https:\/\/tradercorporation.com\/fr\/wp-json\/wp\/v2\/pages\/3231","targetHints":{"allow":["GET"]}}],"collection":[{"href":"https:\/\/tradercorporation.com\/fr\/wp-json\/wp\/v2\/pages"}],"about":[{"href":"https:\/\/tradercorporation.com\/fr\/wp-json\/wp\/v2\/types\/page"}],"author":[{"embeddable":true,"href":"https:\/\/tradercorporation.com\/fr\/wp-json\/wp\/v2\/users\/2"}],"replies":[{"embeddable":true,"href":"https:\/\/tradercorporation.com\/fr\/wp-json\/wp\/v2\/comments?post=3231"}],"version-history":[{"count":0,"href":"https:\/\/tradercorporation.com\/fr\/wp-json\/wp\/v2\/pages\/3231\/revisions"}],"up":[{"embeddable":true,"href":"https:\/\/tradercorporation.com\/fr\/wp-json\/wp\/v2\/pages\/3230"}],"wp:attachment":[{"href":"https:\/\/tradercorporation.com\/fr\/wp-json\/wp\/v2\/media?parent=3231"}],"curies":[{"name":"wp","href":"https:\/\/api.w.org\/{rel}","templated":true}]}}